{"id":18364,"date":"2022-11-01T10:56:21","date_gmt":"2022-11-01T10:56:21","guid":{"rendered":"https:\/\/www.prodecotutkal.com\/?page_id=18364"},"modified":"2022-11-10T21:05:15","modified_gmt":"2022-11-10T21:05:15","slug":"hakkimizda","status":"publish","type":"page","link":"https:\/\/prodecotutkal.com\/en\/hakkimizda\/","title":{"rendered":"About Us"},"content":{"rendered":"<div data-elementor-type=\"wp-page\" data-elementor-id=\"18364\" class=\"elementor elementor-18364\">\n\t\t\t\t\t\t\t\t\t<div class=\"elementor-section elementor-top-section elementor-element elementor-element-141b447b elementor-section-stretched elementor-section-full_width elementor-section-height-default elementor-section-height-default\" data-id=\"141b447b\" data-element_type=\"section\" data-settings=\"{&quot;stretch_section&quot;:&quot;section-stretched&quot;,&quot;background_background&quot;:&quot;classic&quot;}\">\n\t\t\t\t\t\t\t<div class=\"elementor-background-overlay\"><\/div>\n\t\t\t\t\t\t\t<div class=\"elementor-container elementor-column-gap-default\">\n\t\t\t\t\t<div class=\"elementor-column elementor-col-100 elementor-top-column elementor-element elementor-element-1c6153b0\" data-id=\"1c6153b0\" data-element_type=\"column\" data-settings=\"{&quot;background_background&quot;:&quot;classic&quot;}\">\n\t\t\t<div class=\"elementor-widget-wrap elementor-element-populated\">\n\t\t\t\t\t\t\t\t<div class=\"elementor-element elementor-element-7627ad55 elementor-widget elementor-widget-image\" data-id=\"7627ad55\" data-element_type=\"widget\" data-widget_type=\"image.default\">\n\t\t\t\t<div class=\"elementor-widget-container\">\n\t\t\t<style>\/*! elementor - v3.15.0 - 20-08-2023 *\/\n.elementor-widget-image{text-align:center}.elementor-widget-image a{display:inline-block}.elementor-widget-image a img[src$=\".svg\"]{width:48px}.elementor-widget-image img{vertical-align:middle;display:inline-block}<\/style>\t\t\t\t\t\t\t\t\t\t\t\t<img loading=\"lazy\" decoding=\"async\" width=\"864\" height=\"216\" src=\"https:\/\/prodecotutkal.com\/wp-content\/uploads\/2022\/10\/Logo.png\" class=\"attachment-full size-full wp-image-17641\" alt=\"\" srcset=\"https:\/\/prodecotutkal.com\/wp-content\/uploads\/2022\/10\/Logo.png 864w, https:\/\/prodecotutkal.com\/wp-content\/uploads\/2022\/10\/Logo-500x125.png 500w, https:\/\/prodecotutkal.com\/wp-content\/uploads\/2022\/10\/Logo-300x75.png 300w, https:\/\/prodecotutkal.com\/wp-content\/uploads\/2022\/10\/Logo-768x192.png 768w, https:\/\/prodecotutkal.com\/wp-content\/uploads\/2022\/10\/Logo-310x78.png 310w\" sizes=\"auto, (max-width: 864px) 100vw, 864px\" \/>\t\t\t\t\t\t\t\t\t\t\t\t\t\t\t<\/div>\n\t\t\t\t<\/div>\n\t\t\t\t\t<\/div>\n\t\t<\/div>\n\t\t\t\t\t\t\t<\/div>\n\t\t<\/div>\n\t\t\t\t<section class=\"elementor-section elementor-top-section elementor-element elementor-element-6d8e463 elementor-section-boxed elementor-section-height-default elementor-section-height-default\" data-id=\"6d8e463\" data-element_type=\"section\">\n\t\t\t\t\t\t<div class=\"elementor-container elementor-column-gap-default\">\n\t\t\t\t\t<div class=\"elementor-column elementor-col-100 elementor-top-column elementor-element elementor-element-3c36dae\" data-id=\"3c36dae\" data-element_type=\"column\">\n\t\t\t<div class=\"elementor-widget-wrap\">\n\t\t\t\t\t\t\t\t\t<\/div>\n\t\t<\/div>\n\t\t\t\t\t\t\t<\/div>\n\t\t<\/section>\n\t\t\t\t<div class=\"elementor-section elementor-top-section elementor-element elementor-element-1c9824d elementor-section-stretched elementor-section-boxed elementor-section-height-default elementor-section-height-default\" data-id=\"1c9824d\" data-element_type=\"section\" data-settings=\"{&quot;stretch_section&quot;:&quot;section-stretched&quot;}\">\n\t\t\t\t\t\t<div class=\"elementor-container elementor-column-gap-no\">\n\t\t\t\t\t<div class=\"elementor-column elementor-col-50 elementor-top-column elementor-element elementor-element-1881635\" data-id=\"1881635\" data-element_type=\"column\">\n\t\t\t<div class=\"elementor-widget-wrap elementor-element-populated\">\n\t\t\t\t\t\t\t\t<div class=\"elementor-element elementor-element-94853fb elementor-widget elementor-widget-heading\" data-id=\"94853fb\" data-element_type=\"widget\" data-widget_type=\"heading.default\">\n\t\t\t\t<div class=\"elementor-widget-container\">\n\t\t\t<style>\/*! elementor - v3.15.0 - 20-08-2023 *\/\n.elementor-heading-title{padding:0;margin:0;line-height:1}.elementor-widget-heading .elementor-heading-title[class*=elementor-size-]>a{color:inherit;font-size:inherit;line-height:inherit}.elementor-widget-heading .elementor-heading-title.elementor-size-small{font-size:15px}.elementor-widget-heading .elementor-heading-title.elementor-size-medium{font-size:19px}.elementor-widget-heading .elementor-heading-title.elementor-size-large{font-size:29px}.elementor-widget-heading .elementor-heading-title.elementor-size-xl{font-size:39px}.elementor-widget-heading .elementor-heading-title.elementor-size-xxl{font-size:59px}<\/style><h2 class=\"elementor-heading-title elementor-size-default\">H A K K I M I Z D A<\/h2>\t\t<\/div>\n\t\t\t\t<\/div>\n\t\t\t\t<div class=\"elementor-element elementor-element-0291898 elementor-widget elementor-widget-text-editor\" data-id=\"0291898\" data-element_type=\"widget\" data-widget_type=\"text-editor.default\">\n\t\t\t\t<div class=\"elementor-widget-container\">\n\t\t\t<style>\/*! elementor - v3.15.0 - 20-08-2023 *\/\n.elementor-widget-text-editor.elementor-drop-cap-view-stacked .elementor-drop-cap{background-color:#69727d;color:#fff}.elementor-widget-text-editor.elementor-drop-cap-view-framed .elementor-drop-cap{color:#69727d;border:3px solid;background-color:transparent}.elementor-widget-text-editor:not(.elementor-drop-cap-view-default) .elementor-drop-cap{margin-top:8px}.elementor-widget-text-editor:not(.elementor-drop-cap-view-default) .elementor-drop-cap-letter{width:1em;height:1em}.elementor-widget-text-editor .elementor-drop-cap{float:left;text-align:center;line-height:1;font-size:50px}.elementor-widget-text-editor .elementor-drop-cap-letter{display:inline-block}<\/style>\t\t\t\t<h5 style=\"text-align: left;\"><strong>Prodeco Tutkal, 2016 y\u0131l\u0131nda kurularak mobilya-ah\u015fap end\u00fcstri sekt\u00f6r\u00fcne dayal\u0131 tutkal-yap\u0131\u015ft\u0131r\u0131c\u0131 \u00fcr\u00fcnleri hakk\u0131nda pazar\u0131n ihtiyac\u0131 olan geni\u015f \u00fcr\u00fcn gam\u0131 ile hizmet vermeye ba\u015flam\u0131\u015ft\u0131r.<\/strong><\/h5><h5 style=\"text-align: left;\"><strong>2016 y\u0131l\u0131na kadar ki s\u00fcre\u00e7te, 20 y\u0131la yak\u0131n sekt\u00f6r tecr\u00fcbesi bulunan firmam\u0131z, bu tecr\u00fcbelere dayal\u0131 olarak tedarik ve taleplere dayal\u0131 \u015fekilde \u00fcr\u00fcn \u00e7e\u015fitlili\u011fini artt\u0131rarak sekt\u00f6rdeki varl\u0131\u011f\u0131n\u0131 korumaktad\u0131r. Marka tescil s\u00fcrecini tamamlam\u0131\u015f olan firmam\u0131z, \u00fcretime dayal\u0131 yat\u0131r\u0131mlar\u0131 ile planlamalar\u0131na devam etmektedir. Amac\u0131m\u0131z T\u00fcrkiye pazar\u0131na daima, kalitenin s\u00fcreklili\u011fini sunmakt\u0131r. \u00dcst\u00fcn kaliteye sahip mobilya-end\u00fcstri tutkallar\u0131 ile, marka de\u011ferini artt\u0131rarak T\u00fcrkiye ve d\u00fcnya pazar\u0131nda yerini almak \u00fczere kurumsal ve istihdama dayal\u0131 \u00e7al\u0131\u015fmalar\u0131na devam etmektedir. Temel hedefimiz; m\u00fc\u015fterilerimize kalite ve d\u00fcr\u00fcstl\u00fck ilkelerimiz do\u011frultusunda, do\u011fru ve s\u00fcrd\u00fcr\u00fclebilir hizmet sunmak, m\u00fc\u015fteri memnuniyetini korumakt\u0131r.<\/strong><\/h5>\t\t\t\t\t\t<\/div>\n\t\t\t\t<\/div>\n\t\t\t\t\t<\/div>\n\t\t<\/div>\n\t\t\t\t<div class=\"elementor-column elementor-col-50 elementor-top-column elementor-element elementor-element-b66d106\" data-id=\"b66d106\" data-element_type=\"column\">\n\t\t\t<div class=\"elementor-widget-wrap elementor-element-populated\">\n\t\t\t\t\t\t\t\t<div class=\"elementor-element elementor-element-bed60c0 elementor-widget elementor-widget-image\" data-id=\"bed60c0\" data-element_type=\"widget\" data-widget_type=\"image.default\">\n\t\t\t\t<div class=\"elementor-widget-container\">\n\t\t\t\t\t\t\t\t\t\t\t\t\t\t\t<img loading=\"lazy\" decoding=\"async\" width=\"800\" height=\"800\" src=\"https:\/\/prodecotutkal.com\/wp-content\/uploads\/2022\/11\/pd-aboutus.png\" class=\"attachment-large size-large wp-image-20933\" alt=\"\" srcset=\"https:\/\/prodecotutkal.com\/wp-content\/uploads\/2022\/11\/pd-aboutus.png 800w, https:\/\/prodecotutkal.com\/wp-content\/uploads\/2022\/11\/pd-aboutus-300x300.png 300w, https:\/\/prodecotutkal.com\/wp-content\/uploads\/2022\/11\/pd-aboutus-150x150.png 150w, https:\/\/prodecotutkal.com\/wp-content\/uploads\/2022\/11\/pd-aboutus-768x768.png 768w, https:\/\/prodecotutkal.com\/wp-content\/uploads\/2022\/11\/pd-aboutus-12x12.png 12w, https:\/\/prodecotutkal.com\/wp-content\/uploads\/2022\/11\/pd-aboutus-500x500.png 500w, https:\/\/prodecotutkal.com\/wp-content\/uploads\/2022\/11\/pd-aboutus-100x100.png 100w\" sizes=\"auto, (max-width: 800px) 100vw, 800px\" \/>\t\t\t\t\t\t\t\t\t\t\t\t\t\t\t<\/div>\n\t\t\t\t<\/div>\n\t\t\t\t\t<\/div>\n\t\t<\/div>\n\t\t\t\t\t\t\t<\/div>\n\t\t<\/div>\n\t\t\t\t<div class=\"elementor-section elementor-top-section elementor-element elementor-element-6d42257e elementor-section-stretched elementor-section-boxed elementor-section-height-default elementor-section-height-default\" data-id=\"6d42257e\" data-element_type=\"section\" data-settings=\"{&quot;stretch_section&quot;:&quot;section-stretched&quot;}\">\n\t\t\t\t\t\t<div class=\"elementor-container elementor-column-gap-no\">\n\t\t\t\t\t<div class=\"elementor-column elementor-col-100 elementor-top-column elementor-element elementor-element-3acf59eb\" data-id=\"3acf59eb\" data-element_type=\"column\">\n\t\t\t<div class=\"elementor-widget-wrap elementor-element-populated\">\n\t\t\t\t\t\t\t\t<div class=\"elementor-element elementor-element-f6162f7 elementor-widget-divider--view-line elementor-widget elementor-widget-divider\" data-id=\"f6162f7\" data-element_type=\"widget\" data-widget_type=\"divider.default\">\n\t\t\t\t<div class=\"elementor-widget-container\">\n\t\t\t<style>\/*! elementor - v3.15.0 - 20-08-2023 *\/\n.elementor-widget-divider{--divider-border-style:none;--divider-border-width:1px;--divider-color:#0c0d0e;--divider-icon-size:20px;--divider-element-spacing:10px;--divider-pattern-height:24px;--divider-pattern-size:20px;--divider-pattern-url:none;--divider-pattern-repeat:repeat-x}.elementor-widget-divider .elementor-divider{display:flex}.elementor-widget-divider .elementor-divider__text{font-size:15px;line-height:1;max-width:95%}.elementor-widget-divider .elementor-divider__element{margin:0 var(--divider-element-spacing);flex-shrink:0}.elementor-widget-divider .elementor-icon{font-size:var(--divider-icon-size)}.elementor-widget-divider .elementor-divider-separator{display:flex;margin:0;direction:ltr}.elementor-widget-divider--view-line_icon .elementor-divider-separator,.elementor-widget-divider--view-line_text .elementor-divider-separator{align-items:center}.elementor-widget-divider--view-line_icon .elementor-divider-separator:after,.elementor-widget-divider--view-line_icon .elementor-divider-separator:before,.elementor-widget-divider--view-line_text .elementor-divider-separator:after,.elementor-widget-divider--view-line_text .elementor-divider-separator:before{display:block;content:\"\";border-bottom:0;flex-grow:1;border-top:var(--divider-border-width) var(--divider-border-style) var(--divider-color)}.elementor-widget-divider--element-align-left .elementor-divider .elementor-divider-separator>.elementor-divider__svg:first-of-type{flex-grow:0;flex-shrink:100}.elementor-widget-divider--element-align-left .elementor-divider-separator:before{content:none}.elementor-widget-divider--element-align-left .elementor-divider__element{margin-left:0}.elementor-widget-divider--element-align-right .elementor-divider .elementor-divider-separator>.elementor-divider__svg:last-of-type{flex-grow:0;flex-shrink:100}.elementor-widget-divider--element-align-right .elementor-divider-separator:after{content:none}.elementor-widget-divider--element-align-right .elementor-divider__element{margin-right:0}.elementor-widget-divider:not(.elementor-widget-divider--view-line_text):not(.elementor-widget-divider--view-line_icon) .elementor-divider-separator{border-top:var(--divider-border-width) var(--divider-border-style) var(--divider-color)}.elementor-widget-divider--separator-type-pattern{--divider-border-style:none}.elementor-widget-divider--separator-type-pattern.elementor-widget-divider--view-line .elementor-divider-separator,.elementor-widget-divider--separator-type-pattern:not(.elementor-widget-divider--view-line) .elementor-divider-separator:after,.elementor-widget-divider--separator-type-pattern:not(.elementor-widget-divider--view-line) .elementor-divider-separator:before,.elementor-widget-divider--separator-type-pattern:not([class*=elementor-widget-divider--view]) .elementor-divider-separator{width:100%;min-height:var(--divider-pattern-height);-webkit-mask-size:var(--divider-pattern-size) 100%;mask-size:var(--divider-pattern-size) 100%;-webkit-mask-repeat:var(--divider-pattern-repeat);mask-repeat:var(--divider-pattern-repeat);background-color:var(--divider-color);-webkit-mask-image:var(--divider-pattern-url);mask-image:var(--divider-pattern-url)}.elementor-widget-divider--no-spacing{--divider-pattern-size:auto}.elementor-widget-divider--bg-round{--divider-pattern-repeat:round}.rtl .elementor-widget-divider .elementor-divider__text{direction:rtl}.e-con-inner>.elementor-widget-divider,.e-con>.elementor-widget-divider{width:var(--container-widget-width,100%);--flex-grow:var(--container-widget-flex-grow)}<\/style>\t\t<div class=\"elementor-divider\">\n\t\t\t<span class=\"elementor-divider-separator\">\n\t\t\t\t\t\t<\/span>\n\t\t<\/div>\n\t\t\t\t<\/div>\n\t\t\t\t<\/div>\n\t\t\t\t\t<\/div>\n\t\t<\/div>\n\t\t\t\t\t\t\t<\/div>\n\t\t<\/div>\n\t\t\t\t\t\t\t<\/div>","protected":false},"excerpt":{"rendered":"<p>H A K K I M I Z D A Prodeco Tutkal, 2016 y\u0131l\u0131nda kurularak mobilya-ah\u015fap end\u00fcstri sekt\u00f6r\u00fcne dayal\u0131 tutkal-yap\u0131\u015ft\u0131r\u0131c\u0131 \u00fcr\u00fcnleri hakk\u0131nda pazar\u0131n ihtiyac\u0131 olan geni\u015f \u00fcr\u00fcn gam\u0131 ile hizmet vermeye ba\u015flam\u0131\u015ft\u0131r. 2016 y\u0131l\u0131na kadar ki s\u00fcre\u00e7te, 20 y\u0131la yak\u0131n sekt\u00f6r tecr\u00fcbesi bulunan firmam\u0131z, bu tecr\u00fcbelere dayal\u0131 olarak tedarik ve taleplere dayal\u0131 \u015fekilde \u00fcr\u00fcn \u00e7e\u015fitlili\u011fini [&hellip;]<\/p>","protected":false},"author":3,"featured_media":0,"parent":0,"menu_order":0,"comment_status":"closed","ping_status":"closed","template":"elementor_header_footer","meta":{"inline_featured_image":false,"footnotes":""},"class_list":["post-18364","page","type-page","status-publish","hentry"],"yoast_head":"<!-- This site is optimized with the Yoast SEO plugin v21.0 - https:\/\/yoast.com\/wordpress\/plugins\/seo\/ -->\n<title>Hakk\u0131m\u0131zda - ProDecoTutkal<\/title>\n<meta name=\"robots\" content=\"index, follow, max-snippet:-1, max-image-preview:large, max-video-preview:-1\" \/>\n<link rel=\"canonical\" href=\"https:\/\/prodecotutkal.com\/en\/hakkimizda\/\" \/>\n<meta property=\"og:locale\" content=\"en_US\" \/>\n<meta property=\"og:type\" content=\"article\" \/>\n<meta property=\"og:title\" content=\"Hakk\u0131m\u0131zda - ProDecoTutkal\" \/>\n<meta property=\"og:description\" content=\"H A K K I M I Z D A Prodeco Tutkal, 2016 y\u0131l\u0131nda kurularak mobilya-ah\u015fap end\u00fcstri sekt\u00f6r\u00fcne dayal\u0131 tutkal-yap\u0131\u015ft\u0131r\u0131c\u0131 \u00fcr\u00fcnleri hakk\u0131nda pazar\u0131n ihtiyac\u0131 olan geni\u015f \u00fcr\u00fcn gam\u0131 ile hizmet vermeye ba\u015flam\u0131\u015ft\u0131r. 2016 y\u0131l\u0131na kadar ki s\u00fcre\u00e7te, 20 y\u0131la yak\u0131n sekt\u00f6r tecr\u00fcbesi bulunan firmam\u0131z, bu tecr\u00fcbelere dayal\u0131 olarak tedarik ve taleplere dayal\u0131 \u015fekilde \u00fcr\u00fcn \u00e7e\u015fitlili\u011fini [&hellip;]\" \/>\n<meta property=\"og:url\" content=\"https:\/\/prodecotutkal.com\/en\/hakkimizda\/\" \/>\n<meta property=\"og:site_name\" content=\"ProDecoTutkal\" \/>\n<meta property=\"article:modified_time\" content=\"2022-11-10T21:05:15+00:00\" \/>\n<meta property=\"og:image\" content=\"https:\/\/www.prodecotutkal.com\/wp-content\/uploads\/2022\/10\/Logo.png\" \/>\n<meta name=\"twitter:card\" content=\"summary_large_image\" \/>\n<meta name=\"twitter:label1\" content=\"Est. reading time\" \/>\n\t<meta name=\"twitter:data1\" content=\"2 minutes\" \/>\n<script type=\"application\/ld+json\" class=\"yoast-schema-graph\">{\"@context\":\"https:\/\/schema.org\",\"@graph\":[{\"@type\":\"WebPage\",\"@id\":\"https:\/\/prodecotutkal.com\/hakkimizda\/\",\"url\":\"https:\/\/prodecotutkal.com\/hakkimizda\/\",\"name\":\"Hakk\u0131m\u0131zda - ProDecoTutkal\",\"isPartOf\":{\"@id\":\"https:\/\/prodecotutkal.com\/#website\"},\"datePublished\":\"2022-11-01T10:56:21+00:00\",\"dateModified\":\"2022-11-10T21:05:15+00:00\",\"breadcrumb\":{\"@id\":\"https:\/\/prodecotutkal.com\/hakkimizda\/#breadcrumb\"},\"inLanguage\":\"en-US\",\"potentialAction\":[{\"@type\":\"ReadAction\",\"target\":[\"https:\/\/prodecotutkal.com\/hakkimizda\/\"]}]},{\"@type\":\"BreadcrumbList\",\"@id\":\"https:\/\/prodecotutkal.com\/hakkimizda\/#breadcrumb\",\"itemListElement\":[{\"@type\":\"ListItem\",\"position\":1,\"name\":\"Anasayfa\",\"item\":\"https:\/\/prodecotutkal.com\/\"},{\"@type\":\"ListItem\",\"position\":2,\"name\":\"Hakk\u0131m\u0131zda\"}]},{\"@type\":\"WebSite\",\"@id\":\"https:\/\/prodecotutkal.com\/#website\",\"url\":\"https:\/\/prodecotutkal.com\/\",\"name\":\"ProDecoTutkal\",\"description\":\"\",\"publisher\":{\"@id\":\"https:\/\/prodecotutkal.com\/#organization\"},\"potentialAction\":[{\"@type\":\"SearchAction\",\"target\":{\"@type\":\"EntryPoint\",\"urlTemplate\":\"https:\/\/prodecotutkal.com\/?s={search_term_string}\"},\"query-input\":\"required name=search_term_string\"}],\"inLanguage\":\"en-US\"},{\"@type\":\"Organization\",\"@id\":\"https:\/\/prodecotutkal.com\/#organization\",\"name\":\"ProDecoTutkal\",\"url\":\"https:\/\/prodecotutkal.com\/\",\"logo\":{\"@type\":\"ImageObject\",\"inLanguage\":\"en-US\",\"@id\":\"https:\/\/prodecotutkal.com\/#\/schema\/logo\/image\/\",\"url\":\"https:\/\/prodecotutkal.com\/wp-content\/uploads\/2022\/10\/Logo.png\",\"contentUrl\":\"https:\/\/prodecotutkal.com\/wp-content\/uploads\/2022\/10\/Logo.png\",\"width\":864,\"height\":216,\"caption\":\"ProDecoTutkal\"},\"image\":{\"@id\":\"https:\/\/prodecotutkal.com\/#\/schema\/logo\/image\/\"}}]}<\/script>\n<!-- \/ Yoast SEO plugin. -->","yoast_head_json":{"title":"Hakk\u0131m\u0131zda - ProDecoTutkal","robots":{"index":"index","follow":"follow","max-snippet":"max-snippet:-1","max-image-preview":"max-image-preview:large","max-video-preview":"max-video-preview:-1"},"canonical":"https:\/\/prodecotutkal.com\/en\/hakkimizda\/","og_locale":"en_US","og_type":"article","og_title":"Hakk\u0131m\u0131zda - ProDecoTutkal","og_description":"H A K K I M I Z D A Prodeco Tutkal, 2016 y\u0131l\u0131nda kurularak mobilya-ah\u015fap end\u00fcstri sekt\u00f6r\u00fcne dayal\u0131 tutkal-yap\u0131\u015ft\u0131r\u0131c\u0131 \u00fcr\u00fcnleri hakk\u0131nda pazar\u0131n ihtiyac\u0131 olan geni\u015f \u00fcr\u00fcn gam\u0131 ile hizmet vermeye ba\u015flam\u0131\u015ft\u0131r. 2016 y\u0131l\u0131na kadar ki s\u00fcre\u00e7te, 20 y\u0131la yak\u0131n sekt\u00f6r tecr\u00fcbesi bulunan firmam\u0131z, bu tecr\u00fcbelere dayal\u0131 olarak tedarik ve taleplere dayal\u0131 \u015fekilde \u00fcr\u00fcn \u00e7e\u015fitlili\u011fini [&hellip;]","og_url":"https:\/\/prodecotutkal.com\/en\/hakkimizda\/","og_site_name":"ProDecoTutkal","article_modified_time":"2022-11-10T21:05:15+00:00","og_image":[{"url":"https:\/\/www.prodecotutkal.com\/wp-content\/uploads\/2022\/10\/Logo.png"}],"twitter_card":"summary_large_image","twitter_misc":{"Est. reading time":"2 minutes"},"schema":{"@context":"https:\/\/schema.org","@graph":[{"@type":"WebPage","@id":"https:\/\/prodecotutkal.com\/hakkimizda\/","url":"https:\/\/prodecotutkal.com\/hakkimizda\/","name":"Hakk\u0131m\u0131zda - ProDecoTutkal","isPartOf":{"@id":"https:\/\/prodecotutkal.com\/#website"},"datePublished":"2022-11-01T10:56:21+00:00","dateModified":"2022-11-10T21:05:15+00:00","breadcrumb":{"@id":"https:\/\/prodecotutkal.com\/hakkimizda\/#breadcrumb"},"inLanguage":"en-US","potentialAction":[{"@type":"ReadAction","target":["https:\/\/prodecotutkal.com\/hakkimizda\/"]}]},{"@type":"BreadcrumbList","@id":"https:\/\/prodecotutkal.com\/hakkimizda\/#breadcrumb","itemListElement":[{"@type":"ListItem","position":1,"name":"Anasayfa","item":"https:\/\/prodecotutkal.com\/"},{"@type":"ListItem","position":2,"name":"Hakk\u0131m\u0131zda"}]},{"@type":"WebSite","@id":"https:\/\/prodecotutkal.com\/#website","url":"https:\/\/prodecotutkal.com\/","name":"ProDecoTutkal","description":"","publisher":{"@id":"https:\/\/prodecotutkal.com\/#organization"},"potentialAction":[{"@type":"SearchAction","target":{"@type":"EntryPoint","urlTemplate":"https:\/\/prodecotutkal.com\/?s={search_term_string}"},"query-input":"required name=search_term_string"}],"inLanguage":"en-US"},{"@type":"Organization","@id":"https:\/\/prodecotutkal.com\/#organization","name":"ProDecoTutkal","url":"https:\/\/prodecotutkal.com\/","logo":{"@type":"ImageObject","inLanguage":"en-US","@id":"https:\/\/prodecotutkal.com\/#\/schema\/logo\/image\/","url":"https:\/\/prodecotutkal.com\/wp-content\/uploads\/2022\/10\/Logo.png","contentUrl":"https:\/\/prodecotutkal.com\/wp-content\/uploads\/2022\/10\/Logo.png","width":864,"height":216,"caption":"ProDecoTutkal"},"image":{"@id":"https:\/\/prodecotutkal.com\/#\/schema\/logo\/image\/"}}]}},"_links":{"self":[{"href":"https:\/\/prodecotutkal.com\/en\/wp-json\/wp\/v2\/pages\/18364","targetHints":{"allow":["GET"]}}],"collection":[{"href":"https:\/\/prodecotutkal.com\/en\/wp-json\/wp\/v2\/pages"}],"about":[{"href":"https:\/\/prodecotutkal.com\/en\/wp-json\/wp\/v2\/types\/page"}],"author":[{"embeddable":true,"href":"https:\/\/prodecotutkal.com\/en\/wp-json\/wp\/v2\/users\/3"}],"replies":[{"embeddable":true,"href":"https:\/\/prodecotutkal.com\/en\/wp-json\/wp\/v2\/comments?post=18364"}],"version-history":[{"count":0,"href":"https:\/\/prodecotutkal.com\/en\/wp-json\/wp\/v2\/pages\/18364\/revisions"}],"wp:attachment":[{"href":"https:\/\/prodecotutkal.com\/en\/wp-json\/wp\/v2\/media?parent=18364"}],"curies":[{"name":"wp","href":"https:\/\/api.w.org\/{rel}","templated":true}]}}