{"id":17657,"date":"2022-10-27T07:52:41","date_gmt":"2022-10-27T07:52:41","guid":{"rendered":"https:\/\/www.prodecotutkal.com\/?post_type=product&#038;p=17657"},"modified":"2022-11-10T11:00:33","modified_gmt":"2022-11-10T11:00:33","slug":"pd-1155","status":"publish","type":"product","link":"https:\/\/prodecotutkal.com\/en\/product\/pd-1155\/","title":{"rendered":"PD &#8211; 1155"},"content":{"rendered":"<p>\u00d6zellikler\/Kullan\u0131m Alanlar\u0131<\/p>\n<p>Tutkal tabancas\u0131 ile rahatl\u0131kla kullanabilme.<br \/>\nT\u0131kanma, donma yapmaz.<br \/>\nMembran kapak ve panel \u00fcretiminde.<br \/>\nMembran kap\u0131 \u00fcretiminde kullan\u0131l\u0131r.<br \/>\nUzun a\u00e7\u0131k s\u00fcre ~8 saate kadar.<br \/>\nY\u00fcksek \u0131s\u0131 ve nem dayan\u0131m\u0131.<br \/>\nM\u00fckemmel bo\u015fluk doldurma ve y\u00fczey tutunmas\u0131.<br \/>\nKullan\u0131mdan 45 dk. sonra kullan\u0131ma haz\u0131rd\u0131r.<\/p>\n<p>AMBALAJ \u015eEKL\u0130: 25KG KRAFT TORBA, 25 KG KOVA<\/p>","protected":false},"excerpt":{"rendered":"<p>\u00d6zellikler\/Kullan\u0131m Alanlar\u0131 Tutkal tabancas\u0131 ile rahatl\u0131kla kullanabilme. T\u0131kanma, donma yapmaz. Membran kapak ve panel \u00fcretiminde. Membran kap\u0131 \u00fcretiminde kullan\u0131l\u0131r. Uzun a\u00e7\u0131k s\u00fcre ~8 saate kadar. Y\u00fcksek \u0131s\u0131 ve nem dayan\u0131m\u0131. M\u00fckemmel bo\u015fluk doldurma ve y\u00fczey tutunmas\u0131. Kullan\u0131mdan 45 dk. sonra kullan\u0131ma haz\u0131rd\u0131r. AMBALAJ \u015eEKL\u0130: 25KG KRAFT TORBA, 25 KG KOVA<\/p>","protected":false},"featured_media":20844,"comment_status":"open","ping_status":"closed","template":"","meta":{"inline_featured_image":false},"product_cat":[134],"product_tag":[],"class_list":["post-17657","product","type-product","status-publish","has-post-thumbnail","hentry","product_cat-hotmelt"],"yoast_head":"<!-- This site is optimized with the Yoast SEO plugin v21.0 - https:\/\/yoast.com\/wordpress\/plugins\/seo\/ -->\n<title>PD - 1155 - ProDecoTutkal<\/title>\n<meta name=\"robots\" content=\"index, follow, max-snippet:-1, max-image-preview:large, max-video-preview:-1\" \/>\n<link rel=\"canonical\" href=\"https:\/\/prodecotutkal.com\/en\/product\/pd-1155\/\" \/>\n<meta property=\"og:locale\" content=\"en_US\" \/>\n<meta property=\"og:type\" content=\"article\" \/>\n<meta property=\"og:title\" content=\"PD - 1155 - ProDecoTutkal\" \/>\n<meta property=\"og:description\" content=\"\u00d6zellikler\/Kullan\u0131m Alanlar\u0131 Tutkal tabancas\u0131 ile rahatl\u0131kla kullanabilme. T\u0131kanma, donma yapmaz. Membran kapak ve panel \u00fcretiminde. Membran kap\u0131 \u00fcretiminde kullan\u0131l\u0131r. Uzun a\u00e7\u0131k s\u00fcre ~8 saate kadar. Y\u00fcksek \u0131s\u0131 ve nem dayan\u0131m\u0131. M\u00fckemmel bo\u015fluk doldurma ve y\u00fczey tutunmas\u0131. Kullan\u0131mdan 45 dk. sonra kullan\u0131ma haz\u0131rd\u0131r. AMBALAJ \u015eEKL\u0130: 25KG KRAFT TORBA, 25 KG KOVA\" \/>\n<meta property=\"og:url\" content=\"https:\/\/prodecotutkal.com\/en\/product\/pd-1155\/\" \/>\n<meta property=\"og:site_name\" content=\"ProDecoTutkal\" \/>\n<meta property=\"article:modified_time\" content=\"2022-11-10T11:00:33+00:00\" \/>\n<meta property=\"og:image\" content=\"https:\/\/prodecotutkal.com\/wp-content\/uploads\/2022\/10\/prodecxo-7.png\" \/>\n\t<meta property=\"og:image:width\" content=\"1080\" \/>\n\t<meta property=\"og:image:height\" content=\"1080\" \/>\n\t<meta property=\"og:image:type\" content=\"image\/png\" \/>\n<meta name=\"twitter:card\" content=\"summary_large_image\" \/>\n<meta name=\"twitter:label1\" content=\"Est. reading time\" \/>\n\t<meta name=\"twitter:data1\" content=\"1 minute\" \/>\n<script type=\"application\/ld+json\" class=\"yoast-schema-graph\">{\"@context\":\"https:\/\/schema.org\",\"@graph\":[{\"@type\":\"WebPage\",\"@id\":\"https:\/\/prodecotutkal.com\/en\/product\/pd-1155\/\",\"url\":\"https:\/\/prodecotutkal.com\/en\/product\/pd-1155\/\",\"name\":\"PD - 1155 - ProDecoTutkal\",\"isPartOf\":{\"@id\":\"https:\/\/prodecotutkal.com\/#website\"},\"datePublished\":\"2022-10-27T07:52:41+00:00\",\"dateModified\":\"2022-11-10T11:00:33+00:00\",\"breadcrumb\":{\"@id\":\"https:\/\/prodecotutkal.com\/en\/product\/pd-1155\/#breadcrumb\"},\"inLanguage\":\"en-US\",\"potentialAction\":[{\"@type\":\"ReadAction\",\"target\":[\"https:\/\/prodecotutkal.com\/en\/product\/pd-1155\/\"]}]},{\"@type\":\"BreadcrumbList\",\"@id\":\"https:\/\/prodecotutkal.com\/en\/product\/pd-1155\/#breadcrumb\",\"itemListElement\":[{\"@type\":\"ListItem\",\"position\":1,\"name\":\"Anasayfa\",\"item\":\"https:\/\/prodecotutkal.com\/\"},{\"@type\":\"ListItem\",\"position\":2,\"name\":\"Shop\",\"item\":\"https:\/\/prodecotutkal.com\/en\/shop\/\"},{\"@type\":\"ListItem\",\"position\":3,\"name\":\"PD &#8211; 1155\"}]},{\"@type\":\"WebSite\",\"@id\":\"https:\/\/prodecotutkal.com\/#website\",\"url\":\"https:\/\/prodecotutkal.com\/\",\"name\":\"ProDecoTutkal\",\"description\":\"\",\"publisher\":{\"@id\":\"https:\/\/prodecotutkal.com\/#organization\"},\"potentialAction\":[{\"@type\":\"SearchAction\",\"target\":{\"@type\":\"EntryPoint\",\"urlTemplate\":\"https:\/\/prodecotutkal.com\/?s={search_term_string}\"},\"query-input\":\"required name=search_term_string\"}],\"inLanguage\":\"en-US\"},{\"@type\":\"Organization\",\"@id\":\"https:\/\/prodecotutkal.com\/#organization\",\"name\":\"ProDecoTutkal\",\"url\":\"https:\/\/prodecotutkal.com\/\",\"logo\":{\"@type\":\"ImageObject\",\"inLanguage\":\"en-US\",\"@id\":\"https:\/\/prodecotutkal.com\/#\/schema\/logo\/image\/\",\"url\":\"https:\/\/prodecotutkal.com\/wp-content\/uploads\/2022\/10\/Logo.png\",\"contentUrl\":\"https:\/\/prodecotutkal.com\/wp-content\/uploads\/2022\/10\/Logo.png\",\"width\":864,\"height\":216,\"caption\":\"ProDecoTutkal\"},\"image\":{\"@id\":\"https:\/\/prodecotutkal.com\/#\/schema\/logo\/image\/\"}}]}<\/script>\n<!-- \/ Yoast SEO plugin. -->","yoast_head_json":{"title":"PD - 1155 - ProDecoTutkal","robots":{"index":"index","follow":"follow","max-snippet":"max-snippet:-1","max-image-preview":"max-image-preview:large","max-video-preview":"max-video-preview:-1"},"canonical":"https:\/\/prodecotutkal.com\/en\/product\/pd-1155\/","og_locale":"en_US","og_type":"article","og_title":"PD - 1155 - ProDecoTutkal","og_description":"\u00d6zellikler\/Kullan\u0131m Alanlar\u0131 Tutkal tabancas\u0131 ile rahatl\u0131kla kullanabilme. T\u0131kanma, donma yapmaz. Membran kapak ve panel \u00fcretiminde. Membran kap\u0131 \u00fcretiminde kullan\u0131l\u0131r. Uzun a\u00e7\u0131k s\u00fcre ~8 saate kadar. Y\u00fcksek \u0131s\u0131 ve nem dayan\u0131m\u0131. M\u00fckemmel bo\u015fluk doldurma ve y\u00fczey tutunmas\u0131. Kullan\u0131mdan 45 dk. sonra kullan\u0131ma haz\u0131rd\u0131r. AMBALAJ \u015eEKL\u0130: 25KG KRAFT TORBA, 25 KG KOVA","og_url":"https:\/\/prodecotutkal.com\/en\/product\/pd-1155\/","og_site_name":"ProDecoTutkal","article_modified_time":"2022-11-10T11:00:33+00:00","og_image":[{"width":1080,"height":1080,"url":"https:\/\/prodecotutkal.com\/wp-content\/uploads\/2022\/10\/prodecxo-7.png","type":"image\/png"}],"twitter_card":"summary_large_image","twitter_misc":{"Est. reading time":"1 minute"},"schema":{"@context":"https:\/\/schema.org","@graph":[{"@type":"WebPage","@id":"https:\/\/prodecotutkal.com\/en\/product\/pd-1155\/","url":"https:\/\/prodecotutkal.com\/en\/product\/pd-1155\/","name":"PD - 1155 - ProDecoTutkal","isPartOf":{"@id":"https:\/\/prodecotutkal.com\/#website"},"datePublished":"2022-10-27T07:52:41+00:00","dateModified":"2022-11-10T11:00:33+00:00","breadcrumb":{"@id":"https:\/\/prodecotutkal.com\/en\/product\/pd-1155\/#breadcrumb"},"inLanguage":"en-US","potentialAction":[{"@type":"ReadAction","target":["https:\/\/prodecotutkal.com\/en\/product\/pd-1155\/"]}]},{"@type":"BreadcrumbList","@id":"https:\/\/prodecotutkal.com\/en\/product\/pd-1155\/#breadcrumb","itemListElement":[{"@type":"ListItem","position":1,"name":"Anasayfa","item":"https:\/\/prodecotutkal.com\/"},{"@type":"ListItem","position":2,"name":"Shop","item":"https:\/\/prodecotutkal.com\/en\/shop\/"},{"@type":"ListItem","position":3,"name":"PD &#8211; 1155"}]},{"@type":"WebSite","@id":"https:\/\/prodecotutkal.com\/#website","url":"https:\/\/prodecotutkal.com\/","name":"ProDecoTutkal","description":"","publisher":{"@id":"https:\/\/prodecotutkal.com\/#organization"},"potentialAction":[{"@type":"SearchAction","target":{"@type":"EntryPoint","urlTemplate":"https:\/\/prodecotutkal.com\/?s={search_term_string}"},"query-input":"required name=search_term_string"}],"inLanguage":"en-US"},{"@type":"Organization","@id":"https:\/\/prodecotutkal.com\/#organization","name":"ProDecoTutkal","url":"https:\/\/prodecotutkal.com\/","logo":{"@type":"ImageObject","inLanguage":"en-US","@id":"https:\/\/prodecotutkal.com\/#\/schema\/logo\/image\/","url":"https:\/\/prodecotutkal.com\/wp-content\/uploads\/2022\/10\/Logo.png","contentUrl":"https:\/\/prodecotutkal.com\/wp-content\/uploads\/2022\/10\/Logo.png","width":864,"height":216,"caption":"ProDecoTutkal"},"image":{"@id":"https:\/\/prodecotutkal.com\/#\/schema\/logo\/image\/"}}]}},"_links":{"self":[{"href":"https:\/\/prodecotutkal.com\/en\/wp-json\/wp\/v2\/product\/17657","targetHints":{"allow":["GET"]}}],"collection":[{"href":"https:\/\/prodecotutkal.com\/en\/wp-json\/wp\/v2\/product"}],"about":[{"href":"https:\/\/prodecotutkal.com\/en\/wp-json\/wp\/v2\/types\/product"}],"replies":[{"embeddable":true,"href":"https:\/\/prodecotutkal.com\/en\/wp-json\/wp\/v2\/comments?post=17657"}],"wp:featuredmedia":[{"embeddable":true,"href":"https:\/\/prodecotutkal.com\/en\/wp-json\/wp\/v2\/media\/20844"}],"wp:attachment":[{"href":"https:\/\/prodecotutkal.com\/en\/wp-json\/wp\/v2\/media?parent=17657"}],"wp:term":[{"taxonomy":"product_cat","embeddable":true,"href":"https:\/\/prodecotutkal.com\/en\/wp-json\/wp\/v2\/product_cat?post=17657"},{"taxonomy":"product_tag","embeddable":true,"href":"https:\/\/prodecotutkal.com\/en\/wp-json\/wp\/v2\/product_tag?post=17657"}],"curies":[{"name":"wp","href":"https:\/\/api.w.org\/{rel}","templated":true}]}}