{"id":17663,"date":"2022-10-27T09:02:20","date_gmt":"2022-10-27T09:02:20","guid":{"rendered":"https:\/\/www.prodecotutkal.com\/?post_type=product&#038;p=17663"},"modified":"2022-11-10T11:12:38","modified_gmt":"2022-11-10T11:12:38","slug":"pd-1165","status":"publish","type":"product","link":"https:\/\/prodecotutkal.com\/en\/product\/pd-1165\/","title":{"rendered":"PD-1165"},"content":{"rendered":"<h3>\u00d6zellikler<\/h3>\n<p>Viskozite<br \/>\n38.000-45.000 cps. (200\u00b0C )<br \/>\nUygulama S\u0131cakl\u0131\u011f\u0131: 190-210\u00b0C<br \/>\nBrookfield CAP 2000- Spindle 3 Makine H\u0131z\u0131: Min. 18-30 mt\/d<br \/>\nRenk:Krem<br \/>\nYumu\u015fama Noktas\u0131: 95-105\u00b0C<br \/>\nA\u00e7\u0131k Kalma Zaman\u0131: \u00c7ok K\u0131sa<br \/>\nOrtam Malzeme Is\u0131s\u0131: Min. 15\u00b0C<\/p>","protected":false},"excerpt":{"rendered":"<p>\u00d6zellikler Viskozite 38.000-45.000 cps. (200\u00b0C ) Uygulama S\u0131cakl\u0131\u011f\u0131: 190-210\u00b0C Brookfield CAP 2000- Spindle 3 Makine H\u0131z\u0131: Min. 18-30 mt\/d Renk:Krem Yumu\u015fama Noktas\u0131: 95-105\u00b0C A\u00e7\u0131k Kalma Zaman\u0131: \u00c7ok K\u0131sa Ortam Malzeme Is\u0131s\u0131: Min. 15\u00b0C<\/p>","protected":false},"featured_media":20852,"comment_status":"open","ping_status":"closed","template":"","meta":{"inline_featured_image":false},"product_cat":[134],"product_tag":[],"class_list":["post-17663","product","type-product","status-publish","has-post-thumbnail","hentry","product_cat-hotmelt"],"yoast_head":"<!-- This site is optimized with the Yoast SEO plugin v21.0 - https:\/\/yoast.com\/wordpress\/plugins\/seo\/ -->\n<title>PD-1165 - ProDecoTutkal<\/title>\n<meta name=\"robots\" content=\"index, follow, max-snippet:-1, max-image-preview:large, max-video-preview:-1\" \/>\n<link rel=\"canonical\" href=\"https:\/\/prodecotutkal.com\/en\/product\/pd-1165\/\" \/>\n<meta property=\"og:locale\" content=\"en_US\" \/>\n<meta property=\"og:type\" content=\"article\" \/>\n<meta property=\"og:title\" content=\"PD-1165 - ProDecoTutkal\" \/>\n<meta property=\"og:description\" content=\"\u00d6zellikler Viskozite 38.000-45.000 cps. (200\u00b0C ) Uygulama S\u0131cakl\u0131\u011f\u0131: 190-210\u00b0C Brookfield CAP 2000- Spindle 3 Makine H\u0131z\u0131: Min. 18-30 mt\/d Renk:Krem Yumu\u015fama Noktas\u0131: 95-105\u00b0C A\u00e7\u0131k Kalma Zaman\u0131: \u00c7ok K\u0131sa Ortam Malzeme Is\u0131s\u0131: Min. 15\u00b0C\" \/>\n<meta property=\"og:url\" content=\"https:\/\/prodecotutkal.com\/en\/product\/pd-1165\/\" \/>\n<meta property=\"og:site_name\" content=\"ProDecoTutkal\" \/>\n<meta property=\"article:modified_time\" content=\"2022-11-10T11:12:38+00:00\" \/>\n<meta property=\"og:image\" content=\"https:\/\/prodecotutkal.com\/wp-content\/uploads\/2022\/10\/Adsiz-tasarim-7.png\" \/>\n\t<meta property=\"og:image:width\" content=\"500\" \/>\n\t<meta property=\"og:image:height\" content=\"500\" \/>\n\t<meta property=\"og:image:type\" content=\"image\/png\" \/>\n<meta name=\"twitter:card\" content=\"summary_large_image\" \/>\n<meta name=\"twitter:label1\" content=\"Est. reading time\" \/>\n\t<meta name=\"twitter:data1\" content=\"1 minute\" \/>\n<script type=\"application\/ld+json\" class=\"yoast-schema-graph\">{\"@context\":\"https:\/\/schema.org\",\"@graph\":[{\"@type\":\"WebPage\",\"@id\":\"https:\/\/prodecotutkal.com\/en\/product\/pd-1165\/\",\"url\":\"https:\/\/prodecotutkal.com\/en\/product\/pd-1165\/\",\"name\":\"PD-1165 - ProDecoTutkal\",\"isPartOf\":{\"@id\":\"https:\/\/prodecotutkal.com\/#website\"},\"datePublished\":\"2022-10-27T09:02:20+00:00\",\"dateModified\":\"2022-11-10T11:12:38+00:00\",\"breadcrumb\":{\"@id\":\"https:\/\/prodecotutkal.com\/en\/product\/pd-1165\/#breadcrumb\"},\"inLanguage\":\"en-US\",\"potentialAction\":[{\"@type\":\"ReadAction\",\"target\":[\"https:\/\/prodecotutkal.com\/en\/product\/pd-1165\/\"]}]},{\"@type\":\"BreadcrumbList\",\"@id\":\"https:\/\/prodecotutkal.com\/en\/product\/pd-1165\/#breadcrumb\",\"itemListElement\":[{\"@type\":\"ListItem\",\"position\":1,\"name\":\"Anasayfa\",\"item\":\"https:\/\/prodecotutkal.com\/\"},{\"@type\":\"ListItem\",\"position\":2,\"name\":\"Shop\",\"item\":\"https:\/\/prodecotutkal.com\/en\/shop\/\"},{\"@type\":\"ListItem\",\"position\":3,\"name\":\"PD-1165\"}]},{\"@type\":\"WebSite\",\"@id\":\"https:\/\/prodecotutkal.com\/#website\",\"url\":\"https:\/\/prodecotutkal.com\/\",\"name\":\"ProDecoTutkal\",\"description\":\"\",\"publisher\":{\"@id\":\"https:\/\/prodecotutkal.com\/#organization\"},\"potentialAction\":[{\"@type\":\"SearchAction\",\"target\":{\"@type\":\"EntryPoint\",\"urlTemplate\":\"https:\/\/prodecotutkal.com\/?s={search_term_string}\"},\"query-input\":\"required name=search_term_string\"}],\"inLanguage\":\"en-US\"},{\"@type\":\"Organization\",\"@id\":\"https:\/\/prodecotutkal.com\/#organization\",\"name\":\"ProDecoTutkal\",\"url\":\"https:\/\/prodecotutkal.com\/\",\"logo\":{\"@type\":\"ImageObject\",\"inLanguage\":\"en-US\",\"@id\":\"https:\/\/prodecotutkal.com\/#\/schema\/logo\/image\/\",\"url\":\"https:\/\/prodecotutkal.com\/wp-content\/uploads\/2022\/10\/Logo.png\",\"contentUrl\":\"https:\/\/prodecotutkal.com\/wp-content\/uploads\/2022\/10\/Logo.png\",\"width\":864,\"height\":216,\"caption\":\"ProDecoTutkal\"},\"image\":{\"@id\":\"https:\/\/prodecotutkal.com\/#\/schema\/logo\/image\/\"}}]}<\/script>\n<!-- \/ Yoast SEO plugin. -->","yoast_head_json":{"title":"PD-1165 - ProDecoTutkal","robots":{"index":"index","follow":"follow","max-snippet":"max-snippet:-1","max-image-preview":"max-image-preview:large","max-video-preview":"max-video-preview:-1"},"canonical":"https:\/\/prodecotutkal.com\/en\/product\/pd-1165\/","og_locale":"en_US","og_type":"article","og_title":"PD-1165 - ProDecoTutkal","og_description":"\u00d6zellikler Viskozite 38.000-45.000 cps. (200\u00b0C ) Uygulama S\u0131cakl\u0131\u011f\u0131: 190-210\u00b0C Brookfield CAP 2000- Spindle 3 Makine H\u0131z\u0131: Min. 18-30 mt\/d Renk:Krem Yumu\u015fama Noktas\u0131: 95-105\u00b0C A\u00e7\u0131k Kalma Zaman\u0131: \u00c7ok K\u0131sa Ortam Malzeme Is\u0131s\u0131: Min. 15\u00b0C","og_url":"https:\/\/prodecotutkal.com\/en\/product\/pd-1165\/","og_site_name":"ProDecoTutkal","article_modified_time":"2022-11-10T11:12:38+00:00","og_image":[{"width":500,"height":500,"url":"https:\/\/prodecotutkal.com\/wp-content\/uploads\/2022\/10\/Adsiz-tasarim-7.png","type":"image\/png"}],"twitter_card":"summary_large_image","twitter_misc":{"Est. reading time":"1 minute"},"schema":{"@context":"https:\/\/schema.org","@graph":[{"@type":"WebPage","@id":"https:\/\/prodecotutkal.com\/en\/product\/pd-1165\/","url":"https:\/\/prodecotutkal.com\/en\/product\/pd-1165\/","name":"PD-1165 - ProDecoTutkal","isPartOf":{"@id":"https:\/\/prodecotutkal.com\/#website"},"datePublished":"2022-10-27T09:02:20+00:00","dateModified":"2022-11-10T11:12:38+00:00","breadcrumb":{"@id":"https:\/\/prodecotutkal.com\/en\/product\/pd-1165\/#breadcrumb"},"inLanguage":"en-US","potentialAction":[{"@type":"ReadAction","target":["https:\/\/prodecotutkal.com\/en\/product\/pd-1165\/"]}]},{"@type":"BreadcrumbList","@id":"https:\/\/prodecotutkal.com\/en\/product\/pd-1165\/#breadcrumb","itemListElement":[{"@type":"ListItem","position":1,"name":"Anasayfa","item":"https:\/\/prodecotutkal.com\/"},{"@type":"ListItem","position":2,"name":"Shop","item":"https:\/\/prodecotutkal.com\/en\/shop\/"},{"@type":"ListItem","position":3,"name":"PD-1165"}]},{"@type":"WebSite","@id":"https:\/\/prodecotutkal.com\/#website","url":"https:\/\/prodecotutkal.com\/","name":"ProDecoTutkal","description":"","publisher":{"@id":"https:\/\/prodecotutkal.com\/#organization"},"potentialAction":[{"@type":"SearchAction","target":{"@type":"EntryPoint","urlTemplate":"https:\/\/prodecotutkal.com\/?s={search_term_string}"},"query-input":"required name=search_term_string"}],"inLanguage":"en-US"},{"@type":"Organization","@id":"https:\/\/prodecotutkal.com\/#organization","name":"ProDecoTutkal","url":"https:\/\/prodecotutkal.com\/","logo":{"@type":"ImageObject","inLanguage":"en-US","@id":"https:\/\/prodecotutkal.com\/#\/schema\/logo\/image\/","url":"https:\/\/prodecotutkal.com\/wp-content\/uploads\/2022\/10\/Logo.png","contentUrl":"https:\/\/prodecotutkal.com\/wp-content\/uploads\/2022\/10\/Logo.png","width":864,"height":216,"caption":"ProDecoTutkal"},"image":{"@id":"https:\/\/prodecotutkal.com\/#\/schema\/logo\/image\/"}}]}},"_links":{"self":[{"href":"https:\/\/prodecotutkal.com\/en\/wp-json\/wp\/v2\/product\/17663","targetHints":{"allow":["GET"]}}],"collection":[{"href":"https:\/\/prodecotutkal.com\/en\/wp-json\/wp\/v2\/product"}],"about":[{"href":"https:\/\/prodecotutkal.com\/en\/wp-json\/wp\/v2\/types\/product"}],"replies":[{"embeddable":true,"href":"https:\/\/prodecotutkal.com\/en\/wp-json\/wp\/v2\/comments?post=17663"}],"wp:featuredmedia":[{"embeddable":true,"href":"https:\/\/prodecotutkal.com\/en\/wp-json\/wp\/v2\/media\/20852"}],"wp:attachment":[{"href":"https:\/\/prodecotutkal.com\/en\/wp-json\/wp\/v2\/media?parent=17663"}],"wp:term":[{"taxonomy":"product_cat","embeddable":true,"href":"https:\/\/prodecotutkal.com\/en\/wp-json\/wp\/v2\/product_cat?post=17663"},{"taxonomy":"product_tag","embeddable":true,"href":"https:\/\/prodecotutkal.com\/en\/wp-json\/wp\/v2\/product_tag?post=17663"}],"curies":[{"name":"wp","href":"https:\/\/api.w.org\/{rel}","templated":true}]}}