{"id":17672,"date":"2022-10-27T09:40:39","date_gmt":"2022-10-27T09:40:39","guid":{"rendered":"https:\/\/www.prodecotutkal.com\/?post_type=product&#038;p=17672"},"modified":"2022-11-13T06:55:03","modified_gmt":"2022-11-13T06:55:03","slug":"d3-iskelet-tutkali","status":"publish","type":"product","link":"https:\/\/prodecotutkal.com\/en\/product\/d3-iskelet-tutkali\/","title":{"rendered":"D3 \u015eeffaf Ah\u015fap Tutkal\u0131"},"content":{"rendered":"<h3 style=\"padding-left: 40px;\">\u00d6zellikler<\/h3>\n<p>D3 normundad\u0131r.<br \/>\nNeme ve s\u0131cakl\u0131\u011fa dayan\u0131kl\u0131d\u0131r.<br \/>\nMuhteviyat\u0131nda k\u00fcfe ve bakterilere kar\u015f\u0131 \u00f6zel<br \/>\nkoruyucu maddeler bulunur.<\/p>\n<p>D\u00fc\u015f\u00fck\/orta viskozite.<br \/>\nK\u00fcrle\u015fti\u011finde \u015feffafla\u015f\u0131r.<\/p>\n<h3>Kullan\u0131m Alanlar\u0131<\/h3>\n<p>Masif panel imalat\u0131nda, yan ve dikey<br \/>\nyap\u0131\u015ft\u0131rma i\u015flemlerinde.<br \/>\nOtomatik fingerjoint makinelerinde<br \/>\nkullan\u0131labilme.<br \/>\nMobilya \u00fcretiminde ve her t\u00fcrl\u00fc ah\u015fap<br \/>\nyap\u0131\u015ft\u0131rma i\u015flemlerinde.<br \/>\nAh\u015fap, MDF ve sunta laminasyonlar\u0131nda.<br \/>\nD3 normundad\u0131r.<br \/>\nNeme ve s\u0131cakl\u0131\u011fa dayan\u0131kl\u0131d\u0131r.<br \/>\nMuhteviyat\u0131nda k\u00fcfe ve bakterilere kar\u015f\u0131 \u00f6zel<br \/>\nkoruyucu maddeler bulunur.<\/p>","protected":false},"excerpt":{"rendered":"<p>\u00d6zellikler D3 normundad\u0131r. Neme ve s\u0131cakl\u0131\u011fa dayan\u0131kl\u0131d\u0131r. Muhteviyat\u0131nda k\u00fcfe ve bakterilere kar\u015f\u0131 \u00f6zel koruyucu maddeler bulunur. D\u00fc\u015f\u00fck\/orta viskozite. K\u00fcrle\u015fti\u011finde \u015feffafla\u015f\u0131r. Kullan\u0131m Alanlar\u0131 Masif panel imalat\u0131nda, yan ve dikey yap\u0131\u015ft\u0131rma i\u015flemlerinde. Otomatik fingerjoint makinelerinde kullan\u0131labilme. Mobilya \u00fcretiminde ve her t\u00fcrl\u00fc ah\u015fap yap\u0131\u015ft\u0131rma i\u015flemlerinde. Ah\u015fap, MDF ve sunta laminasyonlar\u0131nda. D3 normundad\u0131r. Neme ve s\u0131cakl\u0131\u011fa dayan\u0131kl\u0131d\u0131r. Muhteviyat\u0131nda k\u00fcfe [&hellip;]<\/p>","protected":false},"featured_media":20834,"comment_status":"open","ping_status":"closed","template":"","meta":{"inline_featured_image":false},"product_cat":[133],"product_tag":[],"class_list":["post-17672","product","type-product","status-publish","has-post-thumbnail","hentry","product_cat-pvac"],"yoast_head":"<!-- This site is optimized with the Yoast SEO plugin v21.0 - https:\/\/yoast.com\/wordpress\/plugins\/seo\/ -->\n<title>D3 \u015eeffaf Ah\u015fap Tutkal\u0131 - ProDecoTutkal<\/title>\n<meta name=\"robots\" content=\"index, follow, max-snippet:-1, max-image-preview:large, max-video-preview:-1\" \/>\n<link rel=\"canonical\" href=\"https:\/\/prodecotutkal.com\/en\/product\/d3-iskelet-tutkali\/\" \/>\n<meta property=\"og:locale\" content=\"en_US\" \/>\n<meta property=\"og:type\" content=\"article\" \/>\n<meta property=\"og:title\" content=\"D3 \u015eeffaf Ah\u015fap Tutkal\u0131 - ProDecoTutkal\" \/>\n<meta property=\"og:description\" content=\"\u00d6zellikler D3 normundad\u0131r. Neme ve s\u0131cakl\u0131\u011fa dayan\u0131kl\u0131d\u0131r. Muhteviyat\u0131nda k\u00fcfe ve bakterilere kar\u015f\u0131 \u00f6zel koruyucu maddeler bulunur. D\u00fc\u015f\u00fck\/orta viskozite. K\u00fcrle\u015fti\u011finde \u015feffafla\u015f\u0131r. Kullan\u0131m Alanlar\u0131 Masif panel imalat\u0131nda, yan ve dikey yap\u0131\u015ft\u0131rma i\u015flemlerinde. Otomatik fingerjoint makinelerinde kullan\u0131labilme. Mobilya \u00fcretiminde ve her t\u00fcrl\u00fc ah\u015fap yap\u0131\u015ft\u0131rma i\u015flemlerinde. Ah\u015fap, MDF ve sunta laminasyonlar\u0131nda. D3 normundad\u0131r. Neme ve s\u0131cakl\u0131\u011fa dayan\u0131kl\u0131d\u0131r. Muhteviyat\u0131nda k\u00fcfe [&hellip;]\" \/>\n<meta property=\"og:url\" content=\"https:\/\/prodecotutkal.com\/en\/product\/d3-iskelet-tutkali\/\" \/>\n<meta property=\"og:site_name\" content=\"ProDecoTutkal\" \/>\n<meta property=\"article:modified_time\" content=\"2022-11-13T06:55:03+00:00\" \/>\n<meta property=\"og:image\" content=\"https:\/\/prodecotutkal.com\/wp-content\/uploads\/2022\/10\/Adsiz-tasarim-1.png\" \/>\n\t<meta property=\"og:image:width\" content=\"500\" \/>\n\t<meta property=\"og:image:height\" content=\"500\" \/>\n\t<meta property=\"og:image:type\" content=\"image\/png\" \/>\n<meta name=\"twitter:card\" content=\"summary_large_image\" \/>\n<meta name=\"twitter:label1\" content=\"Est. reading time\" \/>\n\t<meta name=\"twitter:data1\" content=\"1 minute\" \/>\n<script type=\"application\/ld+json\" class=\"yoast-schema-graph\">{\"@context\":\"https:\/\/schema.org\",\"@graph\":[{\"@type\":\"WebPage\",\"@id\":\"https:\/\/prodecotutkal.com\/urun\/d3-iskelet-tutkali\/\",\"url\":\"https:\/\/prodecotutkal.com\/urun\/d3-iskelet-tutkali\/\",\"name\":\"D3 \u015eeffaf Ah\u015fap Tutkal\u0131 - ProDecoTutkal\",\"isPartOf\":{\"@id\":\"https:\/\/prodecotutkal.com\/#website\"},\"datePublished\":\"2022-10-27T09:40:39+00:00\",\"dateModified\":\"2022-11-13T06:55:03+00:00\",\"breadcrumb\":{\"@id\":\"https:\/\/prodecotutkal.com\/urun\/d3-iskelet-tutkali\/#breadcrumb\"},\"inLanguage\":\"en-US\",\"potentialAction\":[{\"@type\":\"ReadAction\",\"target\":[\"https:\/\/prodecotutkal.com\/urun\/d3-iskelet-tutkali\/\"]}]},{\"@type\":\"BreadcrumbList\",\"@id\":\"https:\/\/prodecotutkal.com\/urun\/d3-iskelet-tutkali\/#breadcrumb\",\"itemListElement\":[{\"@type\":\"ListItem\",\"position\":1,\"name\":\"Anasayfa\",\"item\":\"https:\/\/prodecotutkal.com\/\"},{\"@type\":\"ListItem\",\"position\":2,\"name\":\"Shop\",\"item\":\"https:\/\/prodecotutkal.com\/en\/shop\/\"},{\"@type\":\"ListItem\",\"position\":3,\"name\":\"D3 \u015eeffaf Ah\u015fap Tutkal\u0131\"}]},{\"@type\":\"WebSite\",\"@id\":\"https:\/\/prodecotutkal.com\/#website\",\"url\":\"https:\/\/prodecotutkal.com\/\",\"name\":\"ProDecoTutkal\",\"description\":\"\",\"publisher\":{\"@id\":\"https:\/\/prodecotutkal.com\/#organization\"},\"potentialAction\":[{\"@type\":\"SearchAction\",\"target\":{\"@type\":\"EntryPoint\",\"urlTemplate\":\"https:\/\/prodecotutkal.com\/?s={search_term_string}\"},\"query-input\":\"required name=search_term_string\"}],\"inLanguage\":\"en-US\"},{\"@type\":\"Organization\",\"@id\":\"https:\/\/prodecotutkal.com\/#organization\",\"name\":\"ProDecoTutkal\",\"url\":\"https:\/\/prodecotutkal.com\/\",\"logo\":{\"@type\":\"ImageObject\",\"inLanguage\":\"en-US\",\"@id\":\"https:\/\/prodecotutkal.com\/#\/schema\/logo\/image\/\",\"url\":\"https:\/\/prodecotutkal.com\/wp-content\/uploads\/2022\/10\/Logo.png\",\"contentUrl\":\"https:\/\/prodecotutkal.com\/wp-content\/uploads\/2022\/10\/Logo.png\",\"width\":864,\"height\":216,\"caption\":\"ProDecoTutkal\"},\"image\":{\"@id\":\"https:\/\/prodecotutkal.com\/#\/schema\/logo\/image\/\"}}]}<\/script>\n<!-- \/ Yoast SEO plugin. -->","yoast_head_json":{"title":"D3 \u015eeffaf Ah\u015fap Tutkal\u0131 - ProDecoTutkal","robots":{"index":"index","follow":"follow","max-snippet":"max-snippet:-1","max-image-preview":"max-image-preview:large","max-video-preview":"max-video-preview:-1"},"canonical":"https:\/\/prodecotutkal.com\/en\/product\/d3-iskelet-tutkali\/","og_locale":"en_US","og_type":"article","og_title":"D3 \u015eeffaf Ah\u015fap Tutkal\u0131 - ProDecoTutkal","og_description":"\u00d6zellikler D3 normundad\u0131r. Neme ve s\u0131cakl\u0131\u011fa dayan\u0131kl\u0131d\u0131r. Muhteviyat\u0131nda k\u00fcfe ve bakterilere kar\u015f\u0131 \u00f6zel koruyucu maddeler bulunur. D\u00fc\u015f\u00fck\/orta viskozite. K\u00fcrle\u015fti\u011finde \u015feffafla\u015f\u0131r. Kullan\u0131m Alanlar\u0131 Masif panel imalat\u0131nda, yan ve dikey yap\u0131\u015ft\u0131rma i\u015flemlerinde. Otomatik fingerjoint makinelerinde kullan\u0131labilme. Mobilya \u00fcretiminde ve her t\u00fcrl\u00fc ah\u015fap yap\u0131\u015ft\u0131rma i\u015flemlerinde. Ah\u015fap, MDF ve sunta laminasyonlar\u0131nda. D3 normundad\u0131r. Neme ve s\u0131cakl\u0131\u011fa dayan\u0131kl\u0131d\u0131r. Muhteviyat\u0131nda k\u00fcfe [&hellip;]","og_url":"https:\/\/prodecotutkal.com\/en\/product\/d3-iskelet-tutkali\/","og_site_name":"ProDecoTutkal","article_modified_time":"2022-11-13T06:55:03+00:00","og_image":[{"width":500,"height":500,"url":"https:\/\/prodecotutkal.com\/wp-content\/uploads\/2022\/10\/Adsiz-tasarim-1.png","type":"image\/png"}],"twitter_card":"summary_large_image","twitter_misc":{"Est. reading time":"1 minute"},"schema":{"@context":"https:\/\/schema.org","@graph":[{"@type":"WebPage","@id":"https:\/\/prodecotutkal.com\/urun\/d3-iskelet-tutkali\/","url":"https:\/\/prodecotutkal.com\/urun\/d3-iskelet-tutkali\/","name":"D3 \u015eeffaf Ah\u015fap Tutkal\u0131 - ProDecoTutkal","isPartOf":{"@id":"https:\/\/prodecotutkal.com\/#website"},"datePublished":"2022-10-27T09:40:39+00:00","dateModified":"2022-11-13T06:55:03+00:00","breadcrumb":{"@id":"https:\/\/prodecotutkal.com\/urun\/d3-iskelet-tutkali\/#breadcrumb"},"inLanguage":"en-US","potentialAction":[{"@type":"ReadAction","target":["https:\/\/prodecotutkal.com\/urun\/d3-iskelet-tutkali\/"]}]},{"@type":"BreadcrumbList","@id":"https:\/\/prodecotutkal.com\/urun\/d3-iskelet-tutkali\/#breadcrumb","itemListElement":[{"@type":"ListItem","position":1,"name":"Anasayfa","item":"https:\/\/prodecotutkal.com\/"},{"@type":"ListItem","position":2,"name":"Shop","item":"https:\/\/prodecotutkal.com\/en\/shop\/"},{"@type":"ListItem","position":3,"name":"D3 \u015eeffaf Ah\u015fap Tutkal\u0131"}]},{"@type":"WebSite","@id":"https:\/\/prodecotutkal.com\/#website","url":"https:\/\/prodecotutkal.com\/","name":"ProDecoTutkal","description":"","publisher":{"@id":"https:\/\/prodecotutkal.com\/#organization"},"potentialAction":[{"@type":"SearchAction","target":{"@type":"EntryPoint","urlTemplate":"https:\/\/prodecotutkal.com\/?s={search_term_string}"},"query-input":"required name=search_term_string"}],"inLanguage":"en-US"},{"@type":"Organization","@id":"https:\/\/prodecotutkal.com\/#organization","name":"ProDecoTutkal","url":"https:\/\/prodecotutkal.com\/","logo":{"@type":"ImageObject","inLanguage":"en-US","@id":"https:\/\/prodecotutkal.com\/#\/schema\/logo\/image\/","url":"https:\/\/prodecotutkal.com\/wp-content\/uploads\/2022\/10\/Logo.png","contentUrl":"https:\/\/prodecotutkal.com\/wp-content\/uploads\/2022\/10\/Logo.png","width":864,"height":216,"caption":"ProDecoTutkal"},"image":{"@id":"https:\/\/prodecotutkal.com\/#\/schema\/logo\/image\/"}}]}},"_links":{"self":[{"href":"https:\/\/prodecotutkal.com\/en\/wp-json\/wp\/v2\/product\/17672","targetHints":{"allow":["GET"]}}],"collection":[{"href":"https:\/\/prodecotutkal.com\/en\/wp-json\/wp\/v2\/product"}],"about":[{"href":"https:\/\/prodecotutkal.com\/en\/wp-json\/wp\/v2\/types\/product"}],"replies":[{"embeddable":true,"href":"https:\/\/prodecotutkal.com\/en\/wp-json\/wp\/v2\/comments?post=17672"}],"wp:featuredmedia":[{"embeddable":true,"href":"https:\/\/prodecotutkal.com\/en\/wp-json\/wp\/v2\/media\/20834"}],"wp:attachment":[{"href":"https:\/\/prodecotutkal.com\/en\/wp-json\/wp\/v2\/media?parent=17672"}],"wp:term":[{"taxonomy":"product_cat","embeddable":true,"href":"https:\/\/prodecotutkal.com\/en\/wp-json\/wp\/v2\/product_cat?post=17672"},{"taxonomy":"product_tag","embeddable":true,"href":"https:\/\/prodecotutkal.com\/en\/wp-json\/wp\/v2\/product_tag?post=17672"}],"curies":[{"name":"wp","href":"https:\/\/api.w.org\/{rel}","templated":true}]}}