{"id":17676,"date":"2022-10-27T10:41:23","date_gmt":"2022-10-27T10:41:23","guid":{"rendered":"https:\/\/www.prodecotutkal.com\/?post_type=product&#038;p=17676"},"modified":"2022-11-10T10:54:07","modified_gmt":"2022-11-10T10:54:07","slug":"d3-d4-tutkal","status":"publish","type":"product","link":"https:\/\/prodecotutkal.com\/en\/product\/d3-d4-tutkal\/","title":{"rendered":"D3\/D4 Tutkal"},"content":{"rendered":"<h3>\u00d6zellikler<\/h3>\n<p>D\u00fc\u015f\u00fck\/orta viskozite.<br \/>\nH\u0131zl\u0131 k\u00fcrle\u015fir ve k\u00fcrle\u015fti\u011finde \u015feffafla\u015f\u0131r.<\/p>\n<h3>Kullan\u0131m Alanlar\u0131<\/h3>\n<p>Her t\u00fcrl\u00fc masif ah\u015fap malzemenin yap\u0131\u015ft\u0131r\u0131lmas\u0131nda.<br \/>\nAh\u015fap sandalye \u00fcretiminde ve ah\u015fap bah\u00e7e mobilyalar\u0131 \u00fcretiminde,<br \/>\nesneklik ve sa\u011flaml\u0131\u011f\u0131n istendi\u011fi birle\u015fim yerlerinde,<br \/>\nah\u015fap kap\u0131larda kasa ve kanat pres i\u015flemlerinde,<br \/>\nah\u015fap, MDF ve sunta laminasyonlar\u0131nda.<\/p>\n<p>&nbsp;<\/p>\n<p>&nbsp;<\/p>","protected":false},"excerpt":{"rendered":"<p>\u00d6zellikler D\u00fc\u015f\u00fck\/orta viskozite. H\u0131zl\u0131 k\u00fcrle\u015fir ve k\u00fcrle\u015fti\u011finde \u015feffafla\u015f\u0131r. Kullan\u0131m Alanlar\u0131 Her t\u00fcrl\u00fc masif ah\u015fap malzemenin yap\u0131\u015ft\u0131r\u0131lmas\u0131nda. Ah\u015fap sandalye \u00fcretiminde ve ah\u015fap bah\u00e7e mobilyalar\u0131 \u00fcretiminde, esneklik ve sa\u011flaml\u0131\u011f\u0131n istendi\u011fi birle\u015fim yerlerinde, ah\u015fap kap\u0131larda kasa ve kanat pres i\u015flemlerinde, ah\u015fap, MDF ve sunta laminasyonlar\u0131nda. &nbsp; &nbsp;<\/p>","protected":false},"featured_media":20838,"comment_status":"open","ping_status":"closed","template":"","meta":{"inline_featured_image":false},"product_cat":[133],"product_tag":[],"class_list":["post-17676","product","type-product","status-publish","has-post-thumbnail","hentry","product_cat-pvac"],"yoast_head":"<!-- This site is optimized with the Yoast SEO plugin v21.0 - https:\/\/yoast.com\/wordpress\/plugins\/seo\/ -->\n<title>D3\/D4 Tutkal - ProDecoTutkal<\/title>\n<meta name=\"robots\" content=\"index, follow, max-snippet:-1, max-image-preview:large, max-video-preview:-1\" \/>\n<link rel=\"canonical\" href=\"https:\/\/prodecotutkal.com\/en\/product\/d3-d4-tutkal\/\" \/>\n<meta property=\"og:locale\" content=\"en_US\" \/>\n<meta property=\"og:type\" content=\"article\" \/>\n<meta property=\"og:title\" content=\"D3\/D4 Tutkal - ProDecoTutkal\" \/>\n<meta property=\"og:description\" content=\"\u00d6zellikler D\u00fc\u015f\u00fck\/orta viskozite. H\u0131zl\u0131 k\u00fcrle\u015fir ve k\u00fcrle\u015fti\u011finde \u015feffafla\u015f\u0131r. Kullan\u0131m Alanlar\u0131 Her t\u00fcrl\u00fc masif ah\u015fap malzemenin yap\u0131\u015ft\u0131r\u0131lmas\u0131nda. Ah\u015fap sandalye \u00fcretiminde ve ah\u015fap bah\u00e7e mobilyalar\u0131 \u00fcretiminde, esneklik ve sa\u011flaml\u0131\u011f\u0131n istendi\u011fi birle\u015fim yerlerinde, ah\u015fap kap\u0131larda kasa ve kanat pres i\u015flemlerinde, ah\u015fap, MDF ve sunta laminasyonlar\u0131nda. &nbsp; &nbsp;\" \/>\n<meta property=\"og:url\" content=\"https:\/\/prodecotutkal.com\/en\/product\/d3-d4-tutkal\/\" \/>\n<meta property=\"og:site_name\" content=\"ProDecoTutkal\" \/>\n<meta property=\"article:modified_time\" content=\"2022-11-10T10:54:07+00:00\" \/>\n<meta property=\"og:image\" content=\"https:\/\/prodecotutkal.com\/wp-content\/uploads\/2022\/10\/prodecxo-4.png\" \/>\n\t<meta property=\"og:image:width\" content=\"1080\" \/>\n\t<meta property=\"og:image:height\" content=\"1080\" \/>\n\t<meta property=\"og:image:type\" content=\"image\/png\" \/>\n<meta name=\"twitter:card\" content=\"summary_large_image\" \/>\n<meta name=\"twitter:label1\" content=\"Est. reading time\" \/>\n\t<meta name=\"twitter:data1\" content=\"1 minute\" \/>\n<script type=\"application\/ld+json\" class=\"yoast-schema-graph\">{\"@context\":\"https:\/\/schema.org\",\"@graph\":[{\"@type\":\"WebPage\",\"@id\":\"https:\/\/prodecotutkal.com\/urun\/d3-d4-tutkal\/\",\"url\":\"https:\/\/prodecotutkal.com\/urun\/d3-d4-tutkal\/\",\"name\":\"D3\/D4 Tutkal - ProDecoTutkal\",\"isPartOf\":{\"@id\":\"https:\/\/prodecotutkal.com\/#website\"},\"datePublished\":\"2022-10-27T10:41:23+00:00\",\"dateModified\":\"2022-11-10T10:54:07+00:00\",\"breadcrumb\":{\"@id\":\"https:\/\/prodecotutkal.com\/urun\/d3-d4-tutkal\/#breadcrumb\"},\"inLanguage\":\"en-US\",\"potentialAction\":[{\"@type\":\"ReadAction\",\"target\":[\"https:\/\/prodecotutkal.com\/urun\/d3-d4-tutkal\/\"]}]},{\"@type\":\"BreadcrumbList\",\"@id\":\"https:\/\/prodecotutkal.com\/urun\/d3-d4-tutkal\/#breadcrumb\",\"itemListElement\":[{\"@type\":\"ListItem\",\"position\":1,\"name\":\"Anasayfa\",\"item\":\"https:\/\/prodecotutkal.com\/\"},{\"@type\":\"ListItem\",\"position\":2,\"name\":\"Shop\",\"item\":\"https:\/\/prodecotutkal.com\/en\/shop\/\"},{\"@type\":\"ListItem\",\"position\":3,\"name\":\"D3\/D4 Tutkal\"}]},{\"@type\":\"WebSite\",\"@id\":\"https:\/\/prodecotutkal.com\/#website\",\"url\":\"https:\/\/prodecotutkal.com\/\",\"name\":\"ProDecoTutkal\",\"description\":\"\",\"publisher\":{\"@id\":\"https:\/\/prodecotutkal.com\/#organization\"},\"potentialAction\":[{\"@type\":\"SearchAction\",\"target\":{\"@type\":\"EntryPoint\",\"urlTemplate\":\"https:\/\/prodecotutkal.com\/?s={search_term_string}\"},\"query-input\":\"required name=search_term_string\"}],\"inLanguage\":\"en-US\"},{\"@type\":\"Organization\",\"@id\":\"https:\/\/prodecotutkal.com\/#organization\",\"name\":\"ProDecoTutkal\",\"url\":\"https:\/\/prodecotutkal.com\/\",\"logo\":{\"@type\":\"ImageObject\",\"inLanguage\":\"en-US\",\"@id\":\"https:\/\/prodecotutkal.com\/#\/schema\/logo\/image\/\",\"url\":\"https:\/\/prodecotutkal.com\/wp-content\/uploads\/2022\/10\/Logo.png\",\"contentUrl\":\"https:\/\/prodecotutkal.com\/wp-content\/uploads\/2022\/10\/Logo.png\",\"width\":864,\"height\":216,\"caption\":\"ProDecoTutkal\"},\"image\":{\"@id\":\"https:\/\/prodecotutkal.com\/#\/schema\/logo\/image\/\"}}]}<\/script>\n<!-- \/ Yoast SEO plugin. -->","yoast_head_json":{"title":"D3\/D4 Tutkal - ProDecoTutkal","robots":{"index":"index","follow":"follow","max-snippet":"max-snippet:-1","max-image-preview":"max-image-preview:large","max-video-preview":"max-video-preview:-1"},"canonical":"https:\/\/prodecotutkal.com\/en\/product\/d3-d4-tutkal\/","og_locale":"en_US","og_type":"article","og_title":"D3\/D4 Tutkal - ProDecoTutkal","og_description":"\u00d6zellikler D\u00fc\u015f\u00fck\/orta viskozite. H\u0131zl\u0131 k\u00fcrle\u015fir ve k\u00fcrle\u015fti\u011finde \u015feffafla\u015f\u0131r. Kullan\u0131m Alanlar\u0131 Her t\u00fcrl\u00fc masif ah\u015fap malzemenin yap\u0131\u015ft\u0131r\u0131lmas\u0131nda. Ah\u015fap sandalye \u00fcretiminde ve ah\u015fap bah\u00e7e mobilyalar\u0131 \u00fcretiminde, esneklik ve sa\u011flaml\u0131\u011f\u0131n istendi\u011fi birle\u015fim yerlerinde, ah\u015fap kap\u0131larda kasa ve kanat pres i\u015flemlerinde, ah\u015fap, MDF ve sunta laminasyonlar\u0131nda. &nbsp; &nbsp;","og_url":"https:\/\/prodecotutkal.com\/en\/product\/d3-d4-tutkal\/","og_site_name":"ProDecoTutkal","article_modified_time":"2022-11-10T10:54:07+00:00","og_image":[{"width":1080,"height":1080,"url":"https:\/\/prodecotutkal.com\/wp-content\/uploads\/2022\/10\/prodecxo-4.png","type":"image\/png"}],"twitter_card":"summary_large_image","twitter_misc":{"Est. reading time":"1 minute"},"schema":{"@context":"https:\/\/schema.org","@graph":[{"@type":"WebPage","@id":"https:\/\/prodecotutkal.com\/urun\/d3-d4-tutkal\/","url":"https:\/\/prodecotutkal.com\/urun\/d3-d4-tutkal\/","name":"D3\/D4 Tutkal - ProDecoTutkal","isPartOf":{"@id":"https:\/\/prodecotutkal.com\/#website"},"datePublished":"2022-10-27T10:41:23+00:00","dateModified":"2022-11-10T10:54:07+00:00","breadcrumb":{"@id":"https:\/\/prodecotutkal.com\/urun\/d3-d4-tutkal\/#breadcrumb"},"inLanguage":"en-US","potentialAction":[{"@type":"ReadAction","target":["https:\/\/prodecotutkal.com\/urun\/d3-d4-tutkal\/"]}]},{"@type":"BreadcrumbList","@id":"https:\/\/prodecotutkal.com\/urun\/d3-d4-tutkal\/#breadcrumb","itemListElement":[{"@type":"ListItem","position":1,"name":"Anasayfa","item":"https:\/\/prodecotutkal.com\/"},{"@type":"ListItem","position":2,"name":"Shop","item":"https:\/\/prodecotutkal.com\/en\/shop\/"},{"@type":"ListItem","position":3,"name":"D3\/D4 Tutkal"}]},{"@type":"WebSite","@id":"https:\/\/prodecotutkal.com\/#website","url":"https:\/\/prodecotutkal.com\/","name":"ProDecoTutkal","description":"","publisher":{"@id":"https:\/\/prodecotutkal.com\/#organization"},"potentialAction":[{"@type":"SearchAction","target":{"@type":"EntryPoint","urlTemplate":"https:\/\/prodecotutkal.com\/?s={search_term_string}"},"query-input":"required name=search_term_string"}],"inLanguage":"en-US"},{"@type":"Organization","@id":"https:\/\/prodecotutkal.com\/#organization","name":"ProDecoTutkal","url":"https:\/\/prodecotutkal.com\/","logo":{"@type":"ImageObject","inLanguage":"en-US","@id":"https:\/\/prodecotutkal.com\/#\/schema\/logo\/image\/","url":"https:\/\/prodecotutkal.com\/wp-content\/uploads\/2022\/10\/Logo.png","contentUrl":"https:\/\/prodecotutkal.com\/wp-content\/uploads\/2022\/10\/Logo.png","width":864,"height":216,"caption":"ProDecoTutkal"},"image":{"@id":"https:\/\/prodecotutkal.com\/#\/schema\/logo\/image\/"}}]}},"_links":{"self":[{"href":"https:\/\/prodecotutkal.com\/en\/wp-json\/wp\/v2\/product\/17676","targetHints":{"allow":["GET"]}}],"collection":[{"href":"https:\/\/prodecotutkal.com\/en\/wp-json\/wp\/v2\/product"}],"about":[{"href":"https:\/\/prodecotutkal.com\/en\/wp-json\/wp\/v2\/types\/product"}],"replies":[{"embeddable":true,"href":"https:\/\/prodecotutkal.com\/en\/wp-json\/wp\/v2\/comments?post=17676"}],"wp:featuredmedia":[{"embeddable":true,"href":"https:\/\/prodecotutkal.com\/en\/wp-json\/wp\/v2\/media\/20838"}],"wp:attachment":[{"href":"https:\/\/prodecotutkal.com\/en\/wp-json\/wp\/v2\/media?parent=17676"}],"wp:term":[{"taxonomy":"product_cat","embeddable":true,"href":"https:\/\/prodecotutkal.com\/en\/wp-json\/wp\/v2\/product_cat?post=17676"},{"taxonomy":"product_tag","embeddable":true,"href":"https:\/\/prodecotutkal.com\/en\/wp-json\/wp\/v2\/product_tag?post=17676"}],"curies":[{"name":"wp","href":"https:\/\/api.w.org\/{rel}","templated":true}]}}