{"id":17678,"date":"2022-10-27T10:47:53","date_gmt":"2022-10-27T10:47:53","guid":{"rendered":"https:\/\/www.prodecotutkal.com\/?post_type=product&#038;p=17678"},"modified":"2025-05-27T09:14:07","modified_gmt":"2025-05-27T09:14:07","slug":"super-beyaz-tutkal","status":"publish","type":"product","link":"https:\/\/prodecotutkal.com\/en\/product\/super-beyaz-tutkal\/","title":{"rendered":"S\u00fcper Beyaz Tutkal"},"content":{"rendered":"<h3>\u00d6zellikler<\/h3>\n<p>D\u00fc\u015f\u00fck\/orta viskozite.<br \/>\nK\u00fcrle\u015fti\u011finde beyaz \/ pembe bir film<br \/>\ntabakas\u0131 olu\u015fturur.<\/p>\n<h3>Kullan\u0131m Alanlar\u0131<\/h3>\n<p>Masif ah\u015fap, sunta ve MDF gibi malzemelerin<br \/>\nso\u011fuk pres ve i\u015fkence ile birbirlerine yap\u0131\u015ft\u0131r\u0131lmas\u0131<br \/>\ni\u015flemlerinde kullan\u0131ma olduk\u00e7a uygundur.<br \/>\nHer t\u00fcrl\u00fc mobilya tamirat\u0131 i\u015flemlerinde kullan\u0131labilir.<br \/>\nAh\u015fap kal\u0131p \u00fcretimi i\u00e7in son derece<br \/>\nuygundur. Ayakkab\u0131 \u00f6k\u00e7esi imalat\u0131nda so\u011fuk<br \/>\npreste MDF kal\u0131nla\u015ft\u0131rma i\u015flemleri i\u00e7in tavsiye<br \/>\nedilir.<\/p>","protected":false},"excerpt":{"rendered":"<p>\u00d6zellikler D\u00fc\u015f\u00fck\/orta viskozite. K\u00fcrle\u015fti\u011finde beyaz \/ pembe bir film tabakas\u0131 olu\u015fturur. Kullan\u0131m Alanlar\u0131 Masif ah\u015fap, sunta ve MDF gibi malzemelerin so\u011fuk pres ve i\u015fkence ile birbirlerine yap\u0131\u015ft\u0131r\u0131lmas\u0131 i\u015flemlerinde kullan\u0131ma olduk\u00e7a uygundur. Her t\u00fcrl\u00fc mobilya tamirat\u0131 i\u015flemlerinde kullan\u0131labilir. Ah\u015fap kal\u0131p \u00fcretimi i\u00e7in son derece uygundur. Ayakkab\u0131 \u00f6k\u00e7esi imalat\u0131nda so\u011fuk preste MDF kal\u0131nla\u015ft\u0131rma i\u015flemleri i\u00e7in tavsiye edilir.<\/p>","protected":false},"featured_media":20833,"comment_status":"open","ping_status":"closed","template":"","meta":{"inline_featured_image":false},"product_cat":[133],"product_tag":[],"class_list":["post-17678","product","type-product","status-publish","has-post-thumbnail","hentry","product_cat-pvac"],"yoast_head":"<!-- This site is optimized with the Yoast SEO plugin v21.0 - https:\/\/yoast.com\/wordpress\/plugins\/seo\/ -->\n<title>S\u00fcper Beyaz Tutkal - ProDecoTutkal<\/title>\n<meta name=\"robots\" content=\"index, follow, max-snippet:-1, max-image-preview:large, max-video-preview:-1\" \/>\n<link rel=\"canonical\" href=\"https:\/\/prodecotutkal.com\/en\/product\/super-beyaz-tutkal\/\" \/>\n<meta property=\"og:locale\" content=\"en_US\" \/>\n<meta property=\"og:type\" content=\"article\" \/>\n<meta property=\"og:title\" content=\"S\u00fcper Beyaz Tutkal - ProDecoTutkal\" \/>\n<meta property=\"og:description\" content=\"\u00d6zellikler D\u00fc\u015f\u00fck\/orta viskozite. K\u00fcrle\u015fti\u011finde beyaz \/ pembe bir film tabakas\u0131 olu\u015fturur. Kullan\u0131m Alanlar\u0131 Masif ah\u015fap, sunta ve MDF gibi malzemelerin so\u011fuk pres ve i\u015fkence ile birbirlerine yap\u0131\u015ft\u0131r\u0131lmas\u0131 i\u015flemlerinde kullan\u0131ma olduk\u00e7a uygundur. Her t\u00fcrl\u00fc mobilya tamirat\u0131 i\u015flemlerinde kullan\u0131labilir. Ah\u015fap kal\u0131p \u00fcretimi i\u00e7in son derece uygundur. Ayakkab\u0131 \u00f6k\u00e7esi imalat\u0131nda so\u011fuk preste MDF kal\u0131nla\u015ft\u0131rma i\u015flemleri i\u00e7in tavsiye edilir.\" \/>\n<meta property=\"og:url\" content=\"https:\/\/prodecotutkal.com\/en\/product\/super-beyaz-tutkal\/\" \/>\n<meta property=\"og:site_name\" content=\"ProDecoTutkal\" \/>\n<meta property=\"article:modified_time\" content=\"2025-05-27T09:14:07+00:00\" \/>\n<meta property=\"og:image\" content=\"https:\/\/prodecotutkal.com\/wp-content\/uploads\/2022\/10\/prodecxo-3.png\" \/>\n\t<meta property=\"og:image:width\" content=\"1080\" \/>\n\t<meta property=\"og:image:height\" content=\"1080\" \/>\n\t<meta property=\"og:image:type\" content=\"image\/png\" \/>\n<meta name=\"twitter:card\" content=\"summary_large_image\" \/>\n<meta name=\"twitter:label1\" content=\"Est. reading time\" \/>\n\t<meta name=\"twitter:data1\" content=\"1 minute\" \/>\n<script type=\"application\/ld+json\" class=\"yoast-schema-graph\">{\"@context\":\"https:\/\/schema.org\",\"@graph\":[{\"@type\":\"WebPage\",\"@id\":\"https:\/\/prodecotutkal.com\/urun\/super-beyaz-tutkal\/\",\"url\":\"https:\/\/prodecotutkal.com\/urun\/super-beyaz-tutkal\/\",\"name\":\"S\u00fcper Beyaz Tutkal - ProDecoTutkal\",\"isPartOf\":{\"@id\":\"https:\/\/prodecotutkal.com\/#website\"},\"datePublished\":\"2022-10-27T10:47:53+00:00\",\"dateModified\":\"2025-05-27T09:14:07+00:00\",\"breadcrumb\":{\"@id\":\"https:\/\/prodecotutkal.com\/urun\/super-beyaz-tutkal\/#breadcrumb\"},\"inLanguage\":\"en-US\",\"potentialAction\":[{\"@type\":\"ReadAction\",\"target\":[\"https:\/\/prodecotutkal.com\/urun\/super-beyaz-tutkal\/\"]}]},{\"@type\":\"BreadcrumbList\",\"@id\":\"https:\/\/prodecotutkal.com\/urun\/super-beyaz-tutkal\/#breadcrumb\",\"itemListElement\":[{\"@type\":\"ListItem\",\"position\":1,\"name\":\"Anasayfa\",\"item\":\"https:\/\/prodecotutkal.com\/\"},{\"@type\":\"ListItem\",\"position\":2,\"name\":\"Shop\",\"item\":\"https:\/\/prodecotutkal.com\/en\/shop\/\"},{\"@type\":\"ListItem\",\"position\":3,\"name\":\"S\u00fcper Beyaz Tutkal\"}]},{\"@type\":\"WebSite\",\"@id\":\"https:\/\/prodecotutkal.com\/#website\",\"url\":\"https:\/\/prodecotutkal.com\/\",\"name\":\"ProDecoTutkal\",\"description\":\"\",\"publisher\":{\"@id\":\"https:\/\/prodecotutkal.com\/#organization\"},\"potentialAction\":[{\"@type\":\"SearchAction\",\"target\":{\"@type\":\"EntryPoint\",\"urlTemplate\":\"https:\/\/prodecotutkal.com\/?s={search_term_string}\"},\"query-input\":\"required name=search_term_string\"}],\"inLanguage\":\"en-US\"},{\"@type\":\"Organization\",\"@id\":\"https:\/\/prodecotutkal.com\/#organization\",\"name\":\"ProDecoTutkal\",\"url\":\"https:\/\/prodecotutkal.com\/\",\"logo\":{\"@type\":\"ImageObject\",\"inLanguage\":\"en-US\",\"@id\":\"https:\/\/prodecotutkal.com\/#\/schema\/logo\/image\/\",\"url\":\"https:\/\/prodecotutkal.com\/wp-content\/uploads\/2022\/10\/Logo.png\",\"contentUrl\":\"https:\/\/prodecotutkal.com\/wp-content\/uploads\/2022\/10\/Logo.png\",\"width\":864,\"height\":216,\"caption\":\"ProDecoTutkal\"},\"image\":{\"@id\":\"https:\/\/prodecotutkal.com\/#\/schema\/logo\/image\/\"}}]}<\/script>\n<!-- \/ Yoast SEO plugin. -->","yoast_head_json":{"title":"S\u00fcper Beyaz Tutkal - ProDecoTutkal","robots":{"index":"index","follow":"follow","max-snippet":"max-snippet:-1","max-image-preview":"max-image-preview:large","max-video-preview":"max-video-preview:-1"},"canonical":"https:\/\/prodecotutkal.com\/en\/product\/super-beyaz-tutkal\/","og_locale":"en_US","og_type":"article","og_title":"S\u00fcper Beyaz Tutkal - ProDecoTutkal","og_description":"\u00d6zellikler D\u00fc\u015f\u00fck\/orta viskozite. K\u00fcrle\u015fti\u011finde beyaz \/ pembe bir film tabakas\u0131 olu\u015fturur. Kullan\u0131m Alanlar\u0131 Masif ah\u015fap, sunta ve MDF gibi malzemelerin so\u011fuk pres ve i\u015fkence ile birbirlerine yap\u0131\u015ft\u0131r\u0131lmas\u0131 i\u015flemlerinde kullan\u0131ma olduk\u00e7a uygundur. Her t\u00fcrl\u00fc mobilya tamirat\u0131 i\u015flemlerinde kullan\u0131labilir. Ah\u015fap kal\u0131p \u00fcretimi i\u00e7in son derece uygundur. Ayakkab\u0131 \u00f6k\u00e7esi imalat\u0131nda so\u011fuk preste MDF kal\u0131nla\u015ft\u0131rma i\u015flemleri i\u00e7in tavsiye edilir.","og_url":"https:\/\/prodecotutkal.com\/en\/product\/super-beyaz-tutkal\/","og_site_name":"ProDecoTutkal","article_modified_time":"2025-05-27T09:14:07+00:00","og_image":[{"width":1080,"height":1080,"url":"https:\/\/prodecotutkal.com\/wp-content\/uploads\/2022\/10\/prodecxo-3.png","type":"image\/png"}],"twitter_card":"summary_large_image","twitter_misc":{"Est. reading time":"1 minute"},"schema":{"@context":"https:\/\/schema.org","@graph":[{"@type":"WebPage","@id":"https:\/\/prodecotutkal.com\/urun\/super-beyaz-tutkal\/","url":"https:\/\/prodecotutkal.com\/urun\/super-beyaz-tutkal\/","name":"S\u00fcper Beyaz Tutkal - ProDecoTutkal","isPartOf":{"@id":"https:\/\/prodecotutkal.com\/#website"},"datePublished":"2022-10-27T10:47:53+00:00","dateModified":"2025-05-27T09:14:07+00:00","breadcrumb":{"@id":"https:\/\/prodecotutkal.com\/urun\/super-beyaz-tutkal\/#breadcrumb"},"inLanguage":"en-US","potentialAction":[{"@type":"ReadAction","target":["https:\/\/prodecotutkal.com\/urun\/super-beyaz-tutkal\/"]}]},{"@type":"BreadcrumbList","@id":"https:\/\/prodecotutkal.com\/urun\/super-beyaz-tutkal\/#breadcrumb","itemListElement":[{"@type":"ListItem","position":1,"name":"Anasayfa","item":"https:\/\/prodecotutkal.com\/"},{"@type":"ListItem","position":2,"name":"Shop","item":"https:\/\/prodecotutkal.com\/en\/shop\/"},{"@type":"ListItem","position":3,"name":"S\u00fcper Beyaz Tutkal"}]},{"@type":"WebSite","@id":"https:\/\/prodecotutkal.com\/#website","url":"https:\/\/prodecotutkal.com\/","name":"ProDecoTutkal","description":"","publisher":{"@id":"https:\/\/prodecotutkal.com\/#organization"},"potentialAction":[{"@type":"SearchAction","target":{"@type":"EntryPoint","urlTemplate":"https:\/\/prodecotutkal.com\/?s={search_term_string}"},"query-input":"required name=search_term_string"}],"inLanguage":"en-US"},{"@type":"Organization","@id":"https:\/\/prodecotutkal.com\/#organization","name":"ProDecoTutkal","url":"https:\/\/prodecotutkal.com\/","logo":{"@type":"ImageObject","inLanguage":"en-US","@id":"https:\/\/prodecotutkal.com\/#\/schema\/logo\/image\/","url":"https:\/\/prodecotutkal.com\/wp-content\/uploads\/2022\/10\/Logo.png","contentUrl":"https:\/\/prodecotutkal.com\/wp-content\/uploads\/2022\/10\/Logo.png","width":864,"height":216,"caption":"ProDecoTutkal"},"image":{"@id":"https:\/\/prodecotutkal.com\/#\/schema\/logo\/image\/"}}]}},"_links":{"self":[{"href":"https:\/\/prodecotutkal.com\/en\/wp-json\/wp\/v2\/product\/17678","targetHints":{"allow":["GET"]}}],"collection":[{"href":"https:\/\/prodecotutkal.com\/en\/wp-json\/wp\/v2\/product"}],"about":[{"href":"https:\/\/prodecotutkal.com\/en\/wp-json\/wp\/v2\/types\/product"}],"replies":[{"embeddable":true,"href":"https:\/\/prodecotutkal.com\/en\/wp-json\/wp\/v2\/comments?post=17678"}],"wp:featuredmedia":[{"embeddable":true,"href":"https:\/\/prodecotutkal.com\/en\/wp-json\/wp\/v2\/media\/20833"}],"wp:attachment":[{"href":"https:\/\/prodecotutkal.com\/en\/wp-json\/wp\/v2\/media?parent=17678"}],"wp:term":[{"taxonomy":"product_cat","embeddable":true,"href":"https:\/\/prodecotutkal.com\/en\/wp-json\/wp\/v2\/product_cat?post=17678"},{"taxonomy":"product_tag","embeddable":true,"href":"https:\/\/prodecotutkal.com\/en\/wp-json\/wp\/v2\/product_tag?post=17678"}],"curies":[{"name":"wp","href":"https:\/\/api.w.org\/{rel}","templated":true}]}}