{"id":17685,"date":"2022-10-27T10:59:49","date_gmt":"2022-10-27T10:59:49","guid":{"rendered":"https:\/\/www.prodecotutkal.com\/?post_type=product&#038;p=17685"},"modified":"2022-11-10T10:29:15","modified_gmt":"2022-11-10T10:29:15","slug":"pu-d4-montaj-kit-sivi-civi","status":"publish","type":"product","link":"https:\/\/prodecotutkal.com\/en\/product\/pu-d4-montaj-kit-sivi-civi\/","title":{"rendered":"PU D4 Liquid Nail"},"content":{"rendered":"<h3>\u00d6zellikler<\/h3>\n<p>H\u0131zl\u0131 k\u00fcrle\u015fme.<br \/>\nSudan, nemden ve s\u0131caktan etkilenmez.<br \/>\nSolvent ve u\u00e7ucu gaz i\u00e7ermez<\/p>\n<p>K\u0131sa pres s\u00fcresi(~1Sdk)<br \/>\n\u015eeffaf renk.<\/p>\n<h3>\nKullan\u0131m Alanlar\u0131<\/h3>\n<p>Ah\u015fap, cam, metal, plastik, ayna, kiremit,<br \/>\nMDF gibi bir\u00e7ok farkl\u0131 malzemenin ah\u015fap<br \/>\ny\u00fczeylere yap\u0131\u015fmas\u0131n\u0131n istendi\u011fi her t\u00fcrl\u00fc<br \/>\nmobilya, yat, tekne imalat\u0131, d\u0131\u015f mekan<br \/>\npeyzaj\u0131 ve tamirat i\u015flerinde kullan\u0131l\u0131r.<\/p>","protected":false},"excerpt":{"rendered":"<p>\u00d6zellikler H\u0131zl\u0131 k\u00fcrle\u015fme. Sudan, nemden ve s\u0131caktan etkilenmez. Solvent ve u\u00e7ucu gaz i\u00e7ermez K\u0131sa pres s\u00fcresi(~1Sdk) \u015eeffaf renk. Kullan\u0131m Alanlar\u0131 Ah\u015fap, cam, metal, plastik, ayna, kiremit, MDF gibi bir\u00e7ok farkl\u0131 malzemenin ah\u015fap y\u00fczeylere yap\u0131\u015fmas\u0131n\u0131n istendi\u011fi her t\u00fcrl\u00fc mobilya, yat, tekne imalat\u0131, d\u0131\u015f mekan peyzaj\u0131 ve tamirat i\u015flerinde kullan\u0131l\u0131r.<\/p>","protected":false},"featured_media":20829,"comment_status":"open","ping_status":"closed","template":"","meta":{"inline_featured_image":false},"product_cat":[135],"product_tag":[],"class_list":["post-17685","product","type-product","status-publish","has-post-thumbnail","hentry","product_cat-hizliyapistiricilar"],"yoast_head":"<!-- This site is optimized with the Yoast SEO plugin v21.0 - https:\/\/yoast.com\/wordpress\/plugins\/seo\/ -->\n<title>PU D4 Montaj Kit (S\u0131v\u0131 \u00c7ivi) - ProDecoTutkal<\/title>\n<meta name=\"robots\" content=\"index, follow, max-snippet:-1, max-image-preview:large, max-video-preview:-1\" \/>\n<link rel=\"canonical\" href=\"https:\/\/prodecotutkal.com\/en\/product\/pu-d4-montaj-kit-sivi-civi\/\" \/>\n<meta property=\"og:locale\" content=\"en_US\" \/>\n<meta property=\"og:type\" content=\"article\" \/>\n<meta property=\"og:title\" content=\"PU D4 Montaj Kit (S\u0131v\u0131 \u00c7ivi) - ProDecoTutkal\" \/>\n<meta property=\"og:description\" content=\"\u00d6zellikler H\u0131zl\u0131 k\u00fcrle\u015fme. Sudan, nemden ve s\u0131caktan etkilenmez. Solvent ve u\u00e7ucu gaz i\u00e7ermez K\u0131sa pres s\u00fcresi(~1Sdk) \u015eeffaf renk. Kullan\u0131m Alanlar\u0131 Ah\u015fap, cam, metal, plastik, ayna, kiremit, MDF gibi bir\u00e7ok farkl\u0131 malzemenin ah\u015fap y\u00fczeylere yap\u0131\u015fmas\u0131n\u0131n istendi\u011fi her t\u00fcrl\u00fc mobilya, yat, tekne imalat\u0131, d\u0131\u015f mekan peyzaj\u0131 ve tamirat i\u015flerinde kullan\u0131l\u0131r.\" \/>\n<meta property=\"og:url\" content=\"https:\/\/prodecotutkal.com\/en\/product\/pu-d4-montaj-kit-sivi-civi\/\" \/>\n<meta property=\"og:site_name\" content=\"ProDecoTutkal\" \/>\n<meta property=\"article:modified_time\" content=\"2022-11-10T10:29:15+00:00\" \/>\n<meta property=\"og:image\" content=\"https:\/\/prodecotutkal.com\/wp-content\/uploads\/2022\/10\/PRODECO.png\" \/>\n\t<meta property=\"og:image:width\" content=\"500\" \/>\n\t<meta property=\"og:image:height\" content=\"500\" \/>\n\t<meta property=\"og:image:type\" content=\"image\/png\" \/>\n<meta name=\"twitter:card\" content=\"summary_large_image\" \/>\n<meta name=\"twitter:label1\" content=\"Est. reading time\" \/>\n\t<meta name=\"twitter:data1\" content=\"1 minute\" \/>\n<script type=\"application\/ld+json\" class=\"yoast-schema-graph\">{\"@context\":\"https:\/\/schema.org\",\"@graph\":[{\"@type\":\"WebPage\",\"@id\":\"https:\/\/prodecotutkal.com\/urun\/pu-d4-montaj-kit-sivi-civi\/\",\"url\":\"https:\/\/prodecotutkal.com\/urun\/pu-d4-montaj-kit-sivi-civi\/\",\"name\":\"PU D4 Montaj Kit (S\u0131v\u0131 \u00c7ivi) - ProDecoTutkal\",\"isPartOf\":{\"@id\":\"https:\/\/prodecotutkal.com\/#website\"},\"datePublished\":\"2022-10-27T10:59:49+00:00\",\"dateModified\":\"2022-11-10T10:29:15+00:00\",\"breadcrumb\":{\"@id\":\"https:\/\/prodecotutkal.com\/urun\/pu-d4-montaj-kit-sivi-civi\/#breadcrumb\"},\"inLanguage\":\"en-US\",\"potentialAction\":[{\"@type\":\"ReadAction\",\"target\":[\"https:\/\/prodecotutkal.com\/urun\/pu-d4-montaj-kit-sivi-civi\/\"]}]},{\"@type\":\"BreadcrumbList\",\"@id\":\"https:\/\/prodecotutkal.com\/urun\/pu-d4-montaj-kit-sivi-civi\/#breadcrumb\",\"itemListElement\":[{\"@type\":\"ListItem\",\"position\":1,\"name\":\"Anasayfa\",\"item\":\"https:\/\/prodecotutkal.com\/\"},{\"@type\":\"ListItem\",\"position\":2,\"name\":\"Shop\",\"item\":\"https:\/\/prodecotutkal.com\/en\/shop\/\"},{\"@type\":\"ListItem\",\"position\":3,\"name\":\"PU D4 Montaj Kit (S\u0131v\u0131 \u00c7ivi)\"}]},{\"@type\":\"WebSite\",\"@id\":\"https:\/\/prodecotutkal.com\/#website\",\"url\":\"https:\/\/prodecotutkal.com\/\",\"name\":\"ProDecoTutkal\",\"description\":\"\",\"publisher\":{\"@id\":\"https:\/\/prodecotutkal.com\/#organization\"},\"potentialAction\":[{\"@type\":\"SearchAction\",\"target\":{\"@type\":\"EntryPoint\",\"urlTemplate\":\"https:\/\/prodecotutkal.com\/?s={search_term_string}\"},\"query-input\":\"required name=search_term_string\"}],\"inLanguage\":\"en-US\"},{\"@type\":\"Organization\",\"@id\":\"https:\/\/prodecotutkal.com\/#organization\",\"name\":\"ProDecoTutkal\",\"url\":\"https:\/\/prodecotutkal.com\/\",\"logo\":{\"@type\":\"ImageObject\",\"inLanguage\":\"en-US\",\"@id\":\"https:\/\/prodecotutkal.com\/#\/schema\/logo\/image\/\",\"url\":\"https:\/\/prodecotutkal.com\/wp-content\/uploads\/2022\/10\/Logo.png\",\"contentUrl\":\"https:\/\/prodecotutkal.com\/wp-content\/uploads\/2022\/10\/Logo.png\",\"width\":864,\"height\":216,\"caption\":\"ProDecoTutkal\"},\"image\":{\"@id\":\"https:\/\/prodecotutkal.com\/#\/schema\/logo\/image\/\"}}]}<\/script>\n<!-- \/ Yoast SEO plugin. -->","yoast_head_json":{"title":"PU D4 Montaj Kit (S\u0131v\u0131 \u00c7ivi) - ProDecoTutkal","robots":{"index":"index","follow":"follow","max-snippet":"max-snippet:-1","max-image-preview":"max-image-preview:large","max-video-preview":"max-video-preview:-1"},"canonical":"https:\/\/prodecotutkal.com\/en\/product\/pu-d4-montaj-kit-sivi-civi\/","og_locale":"en_US","og_type":"article","og_title":"PU D4 Montaj Kit (S\u0131v\u0131 \u00c7ivi) - ProDecoTutkal","og_description":"\u00d6zellikler H\u0131zl\u0131 k\u00fcrle\u015fme. Sudan, nemden ve s\u0131caktan etkilenmez. Solvent ve u\u00e7ucu gaz i\u00e7ermez K\u0131sa pres s\u00fcresi(~1Sdk) \u015eeffaf renk. Kullan\u0131m Alanlar\u0131 Ah\u015fap, cam, metal, plastik, ayna, kiremit, MDF gibi bir\u00e7ok farkl\u0131 malzemenin ah\u015fap y\u00fczeylere yap\u0131\u015fmas\u0131n\u0131n istendi\u011fi her t\u00fcrl\u00fc mobilya, yat, tekne imalat\u0131, d\u0131\u015f mekan peyzaj\u0131 ve tamirat i\u015flerinde kullan\u0131l\u0131r.","og_url":"https:\/\/prodecotutkal.com\/en\/product\/pu-d4-montaj-kit-sivi-civi\/","og_site_name":"ProDecoTutkal","article_modified_time":"2022-11-10T10:29:15+00:00","og_image":[{"width":500,"height":500,"url":"https:\/\/prodecotutkal.com\/wp-content\/uploads\/2022\/10\/PRODECO.png","type":"image\/png"}],"twitter_card":"summary_large_image","twitter_misc":{"Est. reading time":"1 minute"},"schema":{"@context":"https:\/\/schema.org","@graph":[{"@type":"WebPage","@id":"https:\/\/prodecotutkal.com\/urun\/pu-d4-montaj-kit-sivi-civi\/","url":"https:\/\/prodecotutkal.com\/urun\/pu-d4-montaj-kit-sivi-civi\/","name":"PU D4 Montaj Kit (S\u0131v\u0131 \u00c7ivi) - ProDecoTutkal","isPartOf":{"@id":"https:\/\/prodecotutkal.com\/#website"},"datePublished":"2022-10-27T10:59:49+00:00","dateModified":"2022-11-10T10:29:15+00:00","breadcrumb":{"@id":"https:\/\/prodecotutkal.com\/urun\/pu-d4-montaj-kit-sivi-civi\/#breadcrumb"},"inLanguage":"en-US","potentialAction":[{"@type":"ReadAction","target":["https:\/\/prodecotutkal.com\/urun\/pu-d4-montaj-kit-sivi-civi\/"]}]},{"@type":"BreadcrumbList","@id":"https:\/\/prodecotutkal.com\/urun\/pu-d4-montaj-kit-sivi-civi\/#breadcrumb","itemListElement":[{"@type":"ListItem","position":1,"name":"Anasayfa","item":"https:\/\/prodecotutkal.com\/"},{"@type":"ListItem","position":2,"name":"Shop","item":"https:\/\/prodecotutkal.com\/en\/shop\/"},{"@type":"ListItem","position":3,"name":"PU D4 Montaj Kit (S\u0131v\u0131 \u00c7ivi)"}]},{"@type":"WebSite","@id":"https:\/\/prodecotutkal.com\/#website","url":"https:\/\/prodecotutkal.com\/","name":"ProDecoTutkal","description":"","publisher":{"@id":"https:\/\/prodecotutkal.com\/#organization"},"potentialAction":[{"@type":"SearchAction","target":{"@type":"EntryPoint","urlTemplate":"https:\/\/prodecotutkal.com\/?s={search_term_string}"},"query-input":"required name=search_term_string"}],"inLanguage":"en-US"},{"@type":"Organization","@id":"https:\/\/prodecotutkal.com\/#organization","name":"ProDecoTutkal","url":"https:\/\/prodecotutkal.com\/","logo":{"@type":"ImageObject","inLanguage":"en-US","@id":"https:\/\/prodecotutkal.com\/#\/schema\/logo\/image\/","url":"https:\/\/prodecotutkal.com\/wp-content\/uploads\/2022\/10\/Logo.png","contentUrl":"https:\/\/prodecotutkal.com\/wp-content\/uploads\/2022\/10\/Logo.png","width":864,"height":216,"caption":"ProDecoTutkal"},"image":{"@id":"https:\/\/prodecotutkal.com\/#\/schema\/logo\/image\/"}}]}},"_links":{"self":[{"href":"https:\/\/prodecotutkal.com\/en\/wp-json\/wp\/v2\/product\/17685","targetHints":{"allow":["GET"]}}],"collection":[{"href":"https:\/\/prodecotutkal.com\/en\/wp-json\/wp\/v2\/product"}],"about":[{"href":"https:\/\/prodecotutkal.com\/en\/wp-json\/wp\/v2\/types\/product"}],"replies":[{"embeddable":true,"href":"https:\/\/prodecotutkal.com\/en\/wp-json\/wp\/v2\/comments?post=17685"}],"wp:featuredmedia":[{"embeddable":true,"href":"https:\/\/prodecotutkal.com\/en\/wp-json\/wp\/v2\/media\/20829"}],"wp:attachment":[{"href":"https:\/\/prodecotutkal.com\/en\/wp-json\/wp\/v2\/media?parent=17685"}],"wp:term":[{"taxonomy":"product_cat","embeddable":true,"href":"https:\/\/prodecotutkal.com\/en\/wp-json\/wp\/v2\/product_cat?post=17685"},{"taxonomy":"product_tag","embeddable":true,"href":"https:\/\/prodecotutkal.com\/en\/wp-json\/wp\/v2\/product_tag?post=17685"}],"curies":[{"name":"wp","href":"https:\/\/api.w.org\/{rel}","templated":true}]}}