{"id":17687,"date":"2022-10-27T11:04:04","date_gmt":"2022-10-27T11:04:04","guid":{"rendered":"https:\/\/www.prodecotutkal.com\/?post_type=product&#038;p=17687"},"modified":"2022-11-10T10:34:57","modified_gmt":"2022-11-10T10:34:57","slug":"pu-seffaf-deniz-tutkali","status":"publish","type":"product","link":"https:\/\/prodecotutkal.com\/en\/product\/pu-seffaf-deniz-tutkali\/","title":{"rendered":"PU Transparent Marin Glue"},"content":{"rendered":"<h3>\u00d6zellikler<\/h3>\n<p>Kolay uygulanabilir.<br \/>\nFarkl\u0131 t\u00fcrdeki bir\u00e7ok malzemeyi birbirine<br \/>\nyap\u0131\u015ft\u0131rabilir.<br \/>\nDiN EN 204\u2019e g\u00f6re D4 normundad\u0131r.<br \/>\nSudan, nemden ve s\u0131caktan etkilenmez.<br \/>\nSolvent ve u\u00e7ucu gaz i\u00e7ermez.<\/p>\n<h3>Kullan\u0131m Alanlar\u0131<\/h3>\n<p>Mobilya, yat, tekne ve ah\u015fap<br \/>\nend\u00fcstrisinde kullan\u0131lmaktad\u0131r.<\/p>","protected":false},"excerpt":{"rendered":"<p>\u00d6zellikler Kolay uygulanabilir. Farkl\u0131 t\u00fcrdeki bir\u00e7ok malzemeyi birbirine yap\u0131\u015ft\u0131rabilir. DiN EN 204\u2019e g\u00f6re D4 normundad\u0131r. Sudan, nemden ve s\u0131caktan etkilenmez. Solvent ve u\u00e7ucu gaz i\u00e7ermez. Kullan\u0131m Alanlar\u0131 Mobilya, yat, tekne ve ah\u015fap end\u00fcstrisinde kullan\u0131lmaktad\u0131r.<\/p>","protected":false},"featured_media":20831,"comment_status":"open","ping_status":"closed","template":"","meta":{"inline_featured_image":false},"product_cat":[135],"product_tag":[],"class_list":["post-17687","product","type-product","status-publish","has-post-thumbnail","hentry","product_cat-hizliyapistiricilar"],"yoast_head":"<!-- This site is optimized with the Yoast SEO plugin v21.0 - https:\/\/yoast.com\/wordpress\/plugins\/seo\/ -->\n<title>PU \u015eeffaf Deniz Tutkal\u0131 - ProDecoTutkal<\/title>\n<meta name=\"robots\" content=\"index, follow, max-snippet:-1, max-image-preview:large, max-video-preview:-1\" \/>\n<link rel=\"canonical\" href=\"https:\/\/prodecotutkal.com\/en\/product\/pu-seffaf-deniz-tutkali\/\" \/>\n<meta property=\"og:locale\" content=\"en_US\" \/>\n<meta property=\"og:type\" content=\"article\" \/>\n<meta property=\"og:title\" content=\"PU \u015eeffaf Deniz Tutkal\u0131 - ProDecoTutkal\" \/>\n<meta property=\"og:description\" content=\"\u00d6zellikler Kolay uygulanabilir. Farkl\u0131 t\u00fcrdeki bir\u00e7ok malzemeyi birbirine yap\u0131\u015ft\u0131rabilir. DiN EN 204\u2019e g\u00f6re D4 normundad\u0131r. Sudan, nemden ve s\u0131caktan etkilenmez. Solvent ve u\u00e7ucu gaz i\u00e7ermez. Kullan\u0131m Alanlar\u0131 Mobilya, yat, tekne ve ah\u015fap end\u00fcstrisinde kullan\u0131lmaktad\u0131r.\" \/>\n<meta property=\"og:url\" content=\"https:\/\/prodecotutkal.com\/en\/product\/pu-seffaf-deniz-tutkali\/\" \/>\n<meta property=\"og:site_name\" content=\"ProDecoTutkal\" \/>\n<meta property=\"article:modified_time\" content=\"2022-11-10T10:34:57+00:00\" \/>\n<meta property=\"og:image\" content=\"https:\/\/prodecotutkal.com\/wp-content\/uploads\/2022\/10\/prodecxo-1.png\" \/>\n\t<meta property=\"og:image:width\" content=\"1080\" \/>\n\t<meta property=\"og:image:height\" content=\"1080\" \/>\n\t<meta property=\"og:image:type\" content=\"image\/png\" \/>\n<meta name=\"twitter:card\" content=\"summary_large_image\" \/>\n<meta name=\"twitter:label1\" content=\"Est. reading time\" \/>\n\t<meta name=\"twitter:data1\" content=\"1 minute\" \/>\n<script type=\"application\/ld+json\" class=\"yoast-schema-graph\">{\"@context\":\"https:\/\/schema.org\",\"@graph\":[{\"@type\":\"WebPage\",\"@id\":\"https:\/\/prodecotutkal.com\/urun\/pu-seffaf-deniz-tutkali\/\",\"url\":\"https:\/\/prodecotutkal.com\/urun\/pu-seffaf-deniz-tutkali\/\",\"name\":\"PU \u015eeffaf Deniz Tutkal\u0131 - ProDecoTutkal\",\"isPartOf\":{\"@id\":\"https:\/\/prodecotutkal.com\/#website\"},\"datePublished\":\"2022-10-27T11:04:04+00:00\",\"dateModified\":\"2022-11-10T10:34:57+00:00\",\"breadcrumb\":{\"@id\":\"https:\/\/prodecotutkal.com\/urun\/pu-seffaf-deniz-tutkali\/#breadcrumb\"},\"inLanguage\":\"en-US\",\"potentialAction\":[{\"@type\":\"ReadAction\",\"target\":[\"https:\/\/prodecotutkal.com\/urun\/pu-seffaf-deniz-tutkali\/\"]}]},{\"@type\":\"BreadcrumbList\",\"@id\":\"https:\/\/prodecotutkal.com\/urun\/pu-seffaf-deniz-tutkali\/#breadcrumb\",\"itemListElement\":[{\"@type\":\"ListItem\",\"position\":1,\"name\":\"Anasayfa\",\"item\":\"https:\/\/prodecotutkal.com\/\"},{\"@type\":\"ListItem\",\"position\":2,\"name\":\"Shop\",\"item\":\"https:\/\/prodecotutkal.com\/en\/shop\/\"},{\"@type\":\"ListItem\",\"position\":3,\"name\":\"PU \u015eeffaf Deniz Tutkal\u0131\"}]},{\"@type\":\"WebSite\",\"@id\":\"https:\/\/prodecotutkal.com\/#website\",\"url\":\"https:\/\/prodecotutkal.com\/\",\"name\":\"ProDecoTutkal\",\"description\":\"\",\"publisher\":{\"@id\":\"https:\/\/prodecotutkal.com\/#organization\"},\"potentialAction\":[{\"@type\":\"SearchAction\",\"target\":{\"@type\":\"EntryPoint\",\"urlTemplate\":\"https:\/\/prodecotutkal.com\/?s={search_term_string}\"},\"query-input\":\"required name=search_term_string\"}],\"inLanguage\":\"en-US\"},{\"@type\":\"Organization\",\"@id\":\"https:\/\/prodecotutkal.com\/#organization\",\"name\":\"ProDecoTutkal\",\"url\":\"https:\/\/prodecotutkal.com\/\",\"logo\":{\"@type\":\"ImageObject\",\"inLanguage\":\"en-US\",\"@id\":\"https:\/\/prodecotutkal.com\/#\/schema\/logo\/image\/\",\"url\":\"https:\/\/prodecotutkal.com\/wp-content\/uploads\/2022\/10\/Logo.png\",\"contentUrl\":\"https:\/\/prodecotutkal.com\/wp-content\/uploads\/2022\/10\/Logo.png\",\"width\":864,\"height\":216,\"caption\":\"ProDecoTutkal\"},\"image\":{\"@id\":\"https:\/\/prodecotutkal.com\/#\/schema\/logo\/image\/\"}}]}<\/script>\n<!-- \/ Yoast SEO plugin. -->","yoast_head_json":{"title":"PU \u015eeffaf Deniz Tutkal\u0131 - ProDecoTutkal","robots":{"index":"index","follow":"follow","max-snippet":"max-snippet:-1","max-image-preview":"max-image-preview:large","max-video-preview":"max-video-preview:-1"},"canonical":"https:\/\/prodecotutkal.com\/en\/product\/pu-seffaf-deniz-tutkali\/","og_locale":"en_US","og_type":"article","og_title":"PU \u015eeffaf Deniz Tutkal\u0131 - ProDecoTutkal","og_description":"\u00d6zellikler Kolay uygulanabilir. Farkl\u0131 t\u00fcrdeki bir\u00e7ok malzemeyi birbirine yap\u0131\u015ft\u0131rabilir. DiN EN 204\u2019e g\u00f6re D4 normundad\u0131r. Sudan, nemden ve s\u0131caktan etkilenmez. Solvent ve u\u00e7ucu gaz i\u00e7ermez. Kullan\u0131m Alanlar\u0131 Mobilya, yat, tekne ve ah\u015fap end\u00fcstrisinde kullan\u0131lmaktad\u0131r.","og_url":"https:\/\/prodecotutkal.com\/en\/product\/pu-seffaf-deniz-tutkali\/","og_site_name":"ProDecoTutkal","article_modified_time":"2022-11-10T10:34:57+00:00","og_image":[{"width":1080,"height":1080,"url":"https:\/\/prodecotutkal.com\/wp-content\/uploads\/2022\/10\/prodecxo-1.png","type":"image\/png"}],"twitter_card":"summary_large_image","twitter_misc":{"Est. reading time":"1 minute"},"schema":{"@context":"https:\/\/schema.org","@graph":[{"@type":"WebPage","@id":"https:\/\/prodecotutkal.com\/urun\/pu-seffaf-deniz-tutkali\/","url":"https:\/\/prodecotutkal.com\/urun\/pu-seffaf-deniz-tutkali\/","name":"PU \u015eeffaf Deniz Tutkal\u0131 - ProDecoTutkal","isPartOf":{"@id":"https:\/\/prodecotutkal.com\/#website"},"datePublished":"2022-10-27T11:04:04+00:00","dateModified":"2022-11-10T10:34:57+00:00","breadcrumb":{"@id":"https:\/\/prodecotutkal.com\/urun\/pu-seffaf-deniz-tutkali\/#breadcrumb"},"inLanguage":"en-US","potentialAction":[{"@type":"ReadAction","target":["https:\/\/prodecotutkal.com\/urun\/pu-seffaf-deniz-tutkali\/"]}]},{"@type":"BreadcrumbList","@id":"https:\/\/prodecotutkal.com\/urun\/pu-seffaf-deniz-tutkali\/#breadcrumb","itemListElement":[{"@type":"ListItem","position":1,"name":"Anasayfa","item":"https:\/\/prodecotutkal.com\/"},{"@type":"ListItem","position":2,"name":"Shop","item":"https:\/\/prodecotutkal.com\/en\/shop\/"},{"@type":"ListItem","position":3,"name":"PU \u015eeffaf Deniz Tutkal\u0131"}]},{"@type":"WebSite","@id":"https:\/\/prodecotutkal.com\/#website","url":"https:\/\/prodecotutkal.com\/","name":"ProDecoTutkal","description":"","publisher":{"@id":"https:\/\/prodecotutkal.com\/#organization"},"potentialAction":[{"@type":"SearchAction","target":{"@type":"EntryPoint","urlTemplate":"https:\/\/prodecotutkal.com\/?s={search_term_string}"},"query-input":"required name=search_term_string"}],"inLanguage":"en-US"},{"@type":"Organization","@id":"https:\/\/prodecotutkal.com\/#organization","name":"ProDecoTutkal","url":"https:\/\/prodecotutkal.com\/","logo":{"@type":"ImageObject","inLanguage":"en-US","@id":"https:\/\/prodecotutkal.com\/#\/schema\/logo\/image\/","url":"https:\/\/prodecotutkal.com\/wp-content\/uploads\/2022\/10\/Logo.png","contentUrl":"https:\/\/prodecotutkal.com\/wp-content\/uploads\/2022\/10\/Logo.png","width":864,"height":216,"caption":"ProDecoTutkal"},"image":{"@id":"https:\/\/prodecotutkal.com\/#\/schema\/logo\/image\/"}}]}},"_links":{"self":[{"href":"https:\/\/prodecotutkal.com\/en\/wp-json\/wp\/v2\/product\/17687","targetHints":{"allow":["GET"]}}],"collection":[{"href":"https:\/\/prodecotutkal.com\/en\/wp-json\/wp\/v2\/product"}],"about":[{"href":"https:\/\/prodecotutkal.com\/en\/wp-json\/wp\/v2\/types\/product"}],"replies":[{"embeddable":true,"href":"https:\/\/prodecotutkal.com\/en\/wp-json\/wp\/v2\/comments?post=17687"}],"wp:featuredmedia":[{"embeddable":true,"href":"https:\/\/prodecotutkal.com\/en\/wp-json\/wp\/v2\/media\/20831"}],"wp:attachment":[{"href":"https:\/\/prodecotutkal.com\/en\/wp-json\/wp\/v2\/media?parent=17687"}],"wp:term":[{"taxonomy":"product_cat","embeddable":true,"href":"https:\/\/prodecotutkal.com\/en\/wp-json\/wp\/v2\/product_cat?post=17687"},{"taxonomy":"product_tag","embeddable":true,"href":"https:\/\/prodecotutkal.com\/en\/wp-json\/wp\/v2\/product_tag?post=17687"}],"curies":[{"name":"wp","href":"https:\/\/api.w.org\/{rel}","templated":true}]}}