{"id":17695,"date":"2022-10-27T12:09:24","date_gmt":"2022-10-27T12:09:24","guid":{"rendered":"https:\/\/www.prodecotutkal.com\/?post_type=product&#038;p=17695"},"modified":"2025-05-27T09:12:18","modified_gmt":"2025-05-27T09:12:18","slug":"kontak-tutkali-kirmizi-seffaf","status":"publish","type":"product","link":"https:\/\/prodecotutkal.com\/en\/product\/kontak-tutkali-kirmizi-seffaf\/","title":{"rendered":"Kontak Tutkal\u0131 K\u0131rm\u0131z\u0131\/\u015eeffaf"},"content":{"rendered":"<h3>\u00d6zellikler<\/h3>\n<p>H\u0131zl\u0131 k\u00fcrle\u015fme.<br \/>\nElastik yap\u0131\u015fma.<\/p>\n<h3>\nKullan\u0131m Alanlar\u0131<\/h3>\n<p>Dekoratif plastik laminantlar\u0131n; tahtaya, suntaya,<br \/>\nmutfak \u00fcretiminde metallere, mobilyaya, duvar<br \/>\npanolar\u0131na ba\u011flanmas\u0131nda kullan\u0131lan f\u0131r\u00e7a veya<br \/>\nspat\u00fclle uygulanan kontak yap\u0131st\u0131r\u0131c\u0131d\u0131r. Metal<br \/>\nlevha, kontraplak, laminasyon malzemesi olarak,<br \/>\nkau\u00e7uk, ke\u00e7e, keten bezi, mantar, derinin vb. metale<br \/>\ntahtaya, plastik ve bir\u00e7ok di\u011fer y\u00fczeye<br \/>\nbaglanmas\u0131nda kullan\u0131l\u0131r.<\/p>","protected":false},"excerpt":{"rendered":"<p>\u00d6zellikler H\u0131zl\u0131 k\u00fcrle\u015fme. Elastik yap\u0131\u015fma. Kullan\u0131m Alanlar\u0131 Dekoratif plastik laminantlar\u0131n; tahtaya, suntaya, mutfak \u00fcretiminde metallere, mobilyaya, duvar panolar\u0131na ba\u011flanmas\u0131nda kullan\u0131lan f\u0131r\u00e7a veya spat\u00fclle uygulanan kontak yap\u0131st\u0131r\u0131c\u0131d\u0131r. Metal levha, kontraplak, laminasyon malzemesi olarak, kau\u00e7uk, ke\u00e7e, keten bezi, mantar, derinin vb. metale tahtaya, plastik ve bir\u00e7ok di\u011fer y\u00fczeye baglanmas\u0131nda kullan\u0131l\u0131r.<\/p>","protected":false},"featured_media":20847,"comment_status":"open","ping_status":"closed","template":"","meta":{"inline_featured_image":false},"product_cat":[136],"product_tag":[],"class_list":["post-17695","product","type-product","status-publish","has-post-thumbnail","hentry","product_cat-solvent"],"yoast_head":"<!-- This site is optimized with the Yoast SEO plugin v21.0 - https:\/\/yoast.com\/wordpress\/plugins\/seo\/ -->\n<title>Kontak Tutkal\u0131 K\u0131rm\u0131z\u0131\/\u015eeffaf - ProDecoTutkal<\/title>\n<meta name=\"robots\" content=\"index, follow, max-snippet:-1, max-image-preview:large, max-video-preview:-1\" \/>\n<link rel=\"canonical\" href=\"https:\/\/prodecotutkal.com\/en\/product\/kontak-tutkali-kirmizi-seffaf\/\" \/>\n<meta property=\"og:locale\" content=\"en_US\" \/>\n<meta property=\"og:type\" content=\"article\" \/>\n<meta property=\"og:title\" content=\"Kontak Tutkal\u0131 K\u0131rm\u0131z\u0131\/\u015eeffaf - ProDecoTutkal\" \/>\n<meta property=\"og:description\" content=\"\u00d6zellikler H\u0131zl\u0131 k\u00fcrle\u015fme. Elastik yap\u0131\u015fma. Kullan\u0131m Alanlar\u0131 Dekoratif plastik laminantlar\u0131n; tahtaya, suntaya, mutfak \u00fcretiminde metallere, mobilyaya, duvar panolar\u0131na ba\u011flanmas\u0131nda kullan\u0131lan f\u0131r\u00e7a veya spat\u00fclle uygulanan kontak yap\u0131st\u0131r\u0131c\u0131d\u0131r. Metal levha, kontraplak, laminasyon malzemesi olarak, kau\u00e7uk, ke\u00e7e, keten bezi, mantar, derinin vb. metale tahtaya, plastik ve bir\u00e7ok di\u011fer y\u00fczeye baglanmas\u0131nda kullan\u0131l\u0131r.\" \/>\n<meta property=\"og:url\" content=\"https:\/\/prodecotutkal.com\/en\/product\/kontak-tutkali-kirmizi-seffaf\/\" \/>\n<meta property=\"og:site_name\" content=\"ProDecoTutkal\" \/>\n<meta property=\"article:modified_time\" content=\"2025-05-27T09:12:18+00:00\" \/>\n<meta property=\"og:image\" content=\"https:\/\/prodecotutkal.com\/wp-content\/uploads\/2022\/10\/Adsiz-tasarim-5.png\" \/>\n\t<meta property=\"og:image:width\" content=\"500\" \/>\n\t<meta property=\"og:image:height\" content=\"500\" \/>\n\t<meta property=\"og:image:type\" content=\"image\/png\" \/>\n<meta name=\"twitter:card\" content=\"summary_large_image\" \/>\n<meta name=\"twitter:label1\" content=\"Est. reading time\" \/>\n\t<meta name=\"twitter:data1\" content=\"1 minute\" \/>\n<script type=\"application\/ld+json\" class=\"yoast-schema-graph\">{\"@context\":\"https:\/\/schema.org\",\"@graph\":[{\"@type\":\"WebPage\",\"@id\":\"https:\/\/prodecotutkal.com\/en\/product\/kontak-tutkali-kirmizi-seffaf\/\",\"url\":\"https:\/\/prodecotutkal.com\/en\/product\/kontak-tutkali-kirmizi-seffaf\/\",\"name\":\"Kontak Tutkal\u0131 K\u0131rm\u0131z\u0131\/\u015eeffaf - ProDecoTutkal\",\"isPartOf\":{\"@id\":\"https:\/\/prodecotutkal.com\/#website\"},\"datePublished\":\"2022-10-27T12:09:24+00:00\",\"dateModified\":\"2025-05-27T09:12:18+00:00\",\"breadcrumb\":{\"@id\":\"https:\/\/prodecotutkal.com\/en\/product\/kontak-tutkali-kirmizi-seffaf\/#breadcrumb\"},\"inLanguage\":\"en-US\",\"potentialAction\":[{\"@type\":\"ReadAction\",\"target\":[\"https:\/\/prodecotutkal.com\/en\/product\/kontak-tutkali-kirmizi-seffaf\/\"]}]},{\"@type\":\"BreadcrumbList\",\"@id\":\"https:\/\/prodecotutkal.com\/en\/product\/kontak-tutkali-kirmizi-seffaf\/#breadcrumb\",\"itemListElement\":[{\"@type\":\"ListItem\",\"position\":1,\"name\":\"Anasayfa\",\"item\":\"https:\/\/prodecotutkal.com\/\"},{\"@type\":\"ListItem\",\"position\":2,\"name\":\"Shop\",\"item\":\"https:\/\/prodecotutkal.com\/en\/shop\/\"},{\"@type\":\"ListItem\",\"position\":3,\"name\":\"Kontak Tutkal\u0131 K\u0131rm\u0131z\u0131\/\u015eeffaf\"}]},{\"@type\":\"WebSite\",\"@id\":\"https:\/\/prodecotutkal.com\/#website\",\"url\":\"https:\/\/prodecotutkal.com\/\",\"name\":\"ProDecoTutkal\",\"description\":\"\",\"publisher\":{\"@id\":\"https:\/\/prodecotutkal.com\/#organization\"},\"potentialAction\":[{\"@type\":\"SearchAction\",\"target\":{\"@type\":\"EntryPoint\",\"urlTemplate\":\"https:\/\/prodecotutkal.com\/?s={search_term_string}\"},\"query-input\":\"required name=search_term_string\"}],\"inLanguage\":\"en-US\"},{\"@type\":\"Organization\",\"@id\":\"https:\/\/prodecotutkal.com\/#organization\",\"name\":\"ProDecoTutkal\",\"url\":\"https:\/\/prodecotutkal.com\/\",\"logo\":{\"@type\":\"ImageObject\",\"inLanguage\":\"en-US\",\"@id\":\"https:\/\/prodecotutkal.com\/#\/schema\/logo\/image\/\",\"url\":\"https:\/\/prodecotutkal.com\/wp-content\/uploads\/2022\/10\/Logo.png\",\"contentUrl\":\"https:\/\/prodecotutkal.com\/wp-content\/uploads\/2022\/10\/Logo.png\",\"width\":864,\"height\":216,\"caption\":\"ProDecoTutkal\"},\"image\":{\"@id\":\"https:\/\/prodecotutkal.com\/#\/schema\/logo\/image\/\"}}]}<\/script>\n<!-- \/ Yoast SEO plugin. -->","yoast_head_json":{"title":"Kontak Tutkal\u0131 K\u0131rm\u0131z\u0131\/\u015eeffaf - ProDecoTutkal","robots":{"index":"index","follow":"follow","max-snippet":"max-snippet:-1","max-image-preview":"max-image-preview:large","max-video-preview":"max-video-preview:-1"},"canonical":"https:\/\/prodecotutkal.com\/en\/product\/kontak-tutkali-kirmizi-seffaf\/","og_locale":"en_US","og_type":"article","og_title":"Kontak Tutkal\u0131 K\u0131rm\u0131z\u0131\/\u015eeffaf - ProDecoTutkal","og_description":"\u00d6zellikler H\u0131zl\u0131 k\u00fcrle\u015fme. Elastik yap\u0131\u015fma. Kullan\u0131m Alanlar\u0131 Dekoratif plastik laminantlar\u0131n; tahtaya, suntaya, mutfak \u00fcretiminde metallere, mobilyaya, duvar panolar\u0131na ba\u011flanmas\u0131nda kullan\u0131lan f\u0131r\u00e7a veya spat\u00fclle uygulanan kontak yap\u0131st\u0131r\u0131c\u0131d\u0131r. Metal levha, kontraplak, laminasyon malzemesi olarak, kau\u00e7uk, ke\u00e7e, keten bezi, mantar, derinin vb. metale tahtaya, plastik ve bir\u00e7ok di\u011fer y\u00fczeye baglanmas\u0131nda kullan\u0131l\u0131r.","og_url":"https:\/\/prodecotutkal.com\/en\/product\/kontak-tutkali-kirmizi-seffaf\/","og_site_name":"ProDecoTutkal","article_modified_time":"2025-05-27T09:12:18+00:00","og_image":[{"width":500,"height":500,"url":"https:\/\/prodecotutkal.com\/wp-content\/uploads\/2022\/10\/Adsiz-tasarim-5.png","type":"image\/png"}],"twitter_card":"summary_large_image","twitter_misc":{"Est. reading time":"1 minute"},"schema":{"@context":"https:\/\/schema.org","@graph":[{"@type":"WebPage","@id":"https:\/\/prodecotutkal.com\/en\/product\/kontak-tutkali-kirmizi-seffaf\/","url":"https:\/\/prodecotutkal.com\/en\/product\/kontak-tutkali-kirmizi-seffaf\/","name":"Kontak Tutkal\u0131 K\u0131rm\u0131z\u0131\/\u015eeffaf - ProDecoTutkal","isPartOf":{"@id":"https:\/\/prodecotutkal.com\/#website"},"datePublished":"2022-10-27T12:09:24+00:00","dateModified":"2025-05-27T09:12:18+00:00","breadcrumb":{"@id":"https:\/\/prodecotutkal.com\/en\/product\/kontak-tutkali-kirmizi-seffaf\/#breadcrumb"},"inLanguage":"en-US","potentialAction":[{"@type":"ReadAction","target":["https:\/\/prodecotutkal.com\/en\/product\/kontak-tutkali-kirmizi-seffaf\/"]}]},{"@type":"BreadcrumbList","@id":"https:\/\/prodecotutkal.com\/en\/product\/kontak-tutkali-kirmizi-seffaf\/#breadcrumb","itemListElement":[{"@type":"ListItem","position":1,"name":"Anasayfa","item":"https:\/\/prodecotutkal.com\/"},{"@type":"ListItem","position":2,"name":"Shop","item":"https:\/\/prodecotutkal.com\/en\/shop\/"},{"@type":"ListItem","position":3,"name":"Kontak Tutkal\u0131 K\u0131rm\u0131z\u0131\/\u015eeffaf"}]},{"@type":"WebSite","@id":"https:\/\/prodecotutkal.com\/#website","url":"https:\/\/prodecotutkal.com\/","name":"ProDecoTutkal","description":"","publisher":{"@id":"https:\/\/prodecotutkal.com\/#organization"},"potentialAction":[{"@type":"SearchAction","target":{"@type":"EntryPoint","urlTemplate":"https:\/\/prodecotutkal.com\/?s={search_term_string}"},"query-input":"required name=search_term_string"}],"inLanguage":"en-US"},{"@type":"Organization","@id":"https:\/\/prodecotutkal.com\/#organization","name":"ProDecoTutkal","url":"https:\/\/prodecotutkal.com\/","logo":{"@type":"ImageObject","inLanguage":"en-US","@id":"https:\/\/prodecotutkal.com\/#\/schema\/logo\/image\/","url":"https:\/\/prodecotutkal.com\/wp-content\/uploads\/2022\/10\/Logo.png","contentUrl":"https:\/\/prodecotutkal.com\/wp-content\/uploads\/2022\/10\/Logo.png","width":864,"height":216,"caption":"ProDecoTutkal"},"image":{"@id":"https:\/\/prodecotutkal.com\/#\/schema\/logo\/image\/"}}]}},"_links":{"self":[{"href":"https:\/\/prodecotutkal.com\/en\/wp-json\/wp\/v2\/product\/17695","targetHints":{"allow":["GET"]}}],"collection":[{"href":"https:\/\/prodecotutkal.com\/en\/wp-json\/wp\/v2\/product"}],"about":[{"href":"https:\/\/prodecotutkal.com\/en\/wp-json\/wp\/v2\/types\/product"}],"replies":[{"embeddable":true,"href":"https:\/\/prodecotutkal.com\/en\/wp-json\/wp\/v2\/comments?post=17695"}],"wp:featuredmedia":[{"embeddable":true,"href":"https:\/\/prodecotutkal.com\/en\/wp-json\/wp\/v2\/media\/20847"}],"wp:attachment":[{"href":"https:\/\/prodecotutkal.com\/en\/wp-json\/wp\/v2\/media?parent=17695"}],"wp:term":[{"taxonomy":"product_cat","embeddable":true,"href":"https:\/\/prodecotutkal.com\/en\/wp-json\/wp\/v2\/product_cat?post=17695"},{"taxonomy":"product_tag","embeddable":true,"href":"https:\/\/prodecotutkal.com\/en\/wp-json\/wp\/v2\/product_tag?post=17695"}],"curies":[{"name":"wp","href":"https:\/\/api.w.org\/{rel}","templated":true}]}}